{"id":13,"date":"2008-06-23T14:25:19","date_gmt":"2008-06-23T17:25:19","guid":{"rendered":"http:\/\/morassohermanos.com.ar\/?page_id=13"},"modified":"2008-07-22T13:35:30","modified_gmt":"2008-07-22T16:35:30","slug":"yugos-y-camastros","status":"publish","type":"page","link":"https:\/\/morassohermanos.com.ar\/?page_id=13","title":{"rendered":"Yugos y Camastros &#8211; Cadenas Simples"},"content":{"rendered":"<p><span style=\"font-size: 14pt; font-family: Trebuchet MS; color: #333399;\">Yugos y Camastros para l\u00edneas de 66, 132 y 220 KV<\/span><br \/>\n<span style=\"color: #333399;\"><strong>Sistemas para estructuras de retenci\u00f3n<\/strong><\/span><br \/>\n<strong><span style=\"font-size: 12pt; font-family: Trebuchet MS; color: #339999;\">Cadenas de Aisladores Simples<\/span><\/strong><\/p>\n<p><strong>El sistema consiste en:<\/strong><br \/>\nJuego de yugos para cadenas simples, apto para conductores de 70\u00a0 a 300 mm2 de secci\u00f3n. Su dise\u00f1o permite instalar el camastro con\u00a0 medialunas<br \/>\nespeciales, posibilitando el retiro e instalaci\u00f3n de la cadena de aisladores sin necesidad de montar el sistema de guinche. Este conjunto de herramientas permite efectuar la maniobra a potencial o a distancia.<\/p>\n<h3>MYSC-AL<\/h3>\n<div id=\"attachment_30\" style=\"width: 310px\" class=\"wp-caption aligncenter\"><a href=\"http:\/\/morassohermanos.com.ar\/wp-content\/uploads\/2008\/06\/114-mysc-al.jpg\"><img aria-describedby=\"caption-attachment-30\" loading=\"lazy\" class=\"size-medium wp-image-30\" title=\"114-mysc-al\" src=\"http:\/\/morassohermanos.com.ar\/wp-content\/uploads\/2008\/06\/114-mysc-al-300x200.jpg\" alt=\"\" width=\"300\" height=\"200\" srcset=\"https:\/\/morassohermanos.com.ar\/wp-content\/uploads\/2008\/06\/114-mysc-al-300x200.jpg 300w, https:\/\/morassohermanos.com.ar\/wp-content\/uploads\/2008\/06\/114-mysc-al.jpg 354w\" sizes=\"(max-width: 300px) 100vw, 300px\" \/><\/a><p id=\"caption-attachment-30\" class=\"wp-caption-text\">Yugo auxiliar (lado caliente) <\/p><\/div>\n<p>Tiene las siguientes caracter\u00edsticas:<br \/>\n\u00b7 Construido en aleaci\u00f3n de aluminio de alta resistencia,<br \/>\n\u00b7 Mordazas autoajustables e intercambiables (para conductores de 70 a 300 mm2 de secci\u00f3n),<br \/>\n\u00b7 Apto para instalaci\u00f3n mediante los m\u00e9todos de trabajos a potencial o a distancia,<br \/>\n\u00b7 Sistema de traba para dos p\u00e9rtigas tensoras del tipo ajustable (con pasadores),<br \/>\n\u00b7 Carga m\u00e1xima de trabajo (con ambas p\u00e9rtigas) de 2.500 kgs,<br \/>\n\u00b7 Dispositivo para traba de camastro simple.<\/p>\n<h3>MYSC-AL-1<\/h3>\n<div id=\"attachment_32\" style=\"width: 310px\" class=\"wp-caption aligncenter\"><a href=\"http:\/\/morassohermanos.com.ar\/wp-content\/uploads\/2008\/06\/115-mysf-al-1.jpg\"><img aria-describedby=\"caption-attachment-32\" loading=\"lazy\" class=\"size-medium wp-image-32\" title=\"115-mysf-al-1\" src=\"http:\/\/morassohermanos.com.ar\/wp-content\/uploads\/2008\/06\/115-mysf-al-1-300x170.jpg\" alt=\"\" width=\"300\" height=\"170\" srcset=\"https:\/\/morassohermanos.com.ar\/wp-content\/uploads\/2008\/06\/115-mysf-al-1-300x170.jpg 300w, https:\/\/morassohermanos.com.ar\/wp-content\/uploads\/2008\/06\/115-mysf-al-1.jpg 351w\" sizes=\"(max-width: 300px) 100vw, 300px\" \/><\/a><p id=\"caption-attachment-32\" class=\"wp-caption-text\">Yugo auxiliar fijo (lado fr\u00edo)<\/p><\/div>\n<p>Tiene las siguientes caracter\u00edsticas:<br \/>\n\u00b7 Construido en aleaci\u00f3n de aluminio de alta resistencia,<br \/>\n\u00b7 Sistema para fijaci\u00f3n en m\u00e9nsula y\/o morseter\u00eda,<br \/>\n\u00b7 Sistema de traba para crapodinas y varillas roscadas de p\u00e9rtigas tensoras ajustables.<\/p>\n<h3>MYSC-AL-2<\/h3>\n<div id=\"attachment_31\" style=\"width: 288px\" class=\"wp-caption aligncenter\"><a href=\"http:\/\/morassohermanos.com.ar\/wp-content\/uploads\/2008\/06\/113-mysf-al-2.gif\"><img aria-describedby=\"caption-attachment-31\" loading=\"lazy\" class=\"size-medium wp-image-31\" style=\"border: 0pt none;\" title=\"113-mysf-al-2\" src=\"http:\/\/morassohermanos.com.ar\/wp-content\/uploads\/2008\/06\/113-mysf-al-2.gif\" alt=\"\" width=\"278\" height=\"154\" \/><\/a><p id=\"caption-attachment-31\" class=\"wp-caption-text\">Yugo auxiliar basculante lado fr\u00edo<\/p><\/div>\n<h3>Conjunto<\/h3>\n<div id=\"attachment_33\" style=\"width: 310px\" class=\"wp-caption aligncenter\"><a href=\"http:\/\/morassohermanos.com.ar\/wp-content\/uploads\/2008\/06\/116-mysf-al-1.jpg\"><img aria-describedby=\"caption-attachment-33\" loading=\"lazy\" class=\"size-medium wp-image-33\" title=\"116-mysf-al-1\" src=\"http:\/\/morassohermanos.com.ar\/wp-content\/uploads\/2008\/06\/116-mysf-al-1-300x194.jpg\" alt=\"\" width=\"300\" height=\"194\" srcset=\"https:\/\/morassohermanos.com.ar\/wp-content\/uploads\/2008\/06\/116-mysf-al-1-300x194.jpg 300w, https:\/\/morassohermanos.com.ar\/wp-content\/uploads\/2008\/06\/116-mysf-al-1.jpg 340w\" sizes=\"(max-width: 300px) 100vw, 300px\" \/><\/a><p id=\"caption-attachment-33\" class=\"wp-caption-text\">Conjunto<\/p><\/div>\n<p>Conjunto de camastro y p\u00e9rtigas tensoras:<br \/>\n\u00b7 Medialunas de aleaci\u00f3n de aluminio,<br \/>\n\u00b7 Encastre de p\u00e9rtigas dise\u00f1ado para permitir deslizar la cadena de aisladores sin que se trabe,<br \/>\n\u00b7 Dispositivo para sujetar en yugo auxiliar,<br \/>\n\u00b7 La distancia est\u00e1ndar entre el centro de calce de p\u00e9rtigas en los yugos permite el montaje del conjunto sin necesidad de retirar los aros equipotenciales, que normalmente se encuentran instalados del lado caliente de la cadena,<br \/>\n\u00b7 A pedido, se pueden construir yugos con diferentes distancias entre centros de calce,<br \/>\n\u00b7 Tambi\u00e9n a pedido, se dise\u00f1an conjuntos con diferentes cargas m\u00e1ximas de trabajo,<br \/>\n\u00b7 El sistema de regulaci\u00f3n y cabezales de p\u00e9rtigas es optativo, pudi\u00e9ndose seleccionar entre p\u00e9rtigas de doble regulaci\u00f3n (pasadores y varilla roscada), o con regulaci\u00f3n simple (varilla roscada). La utilizaci\u00f3n de la p\u00e9rtiga tensora con regulaci\u00f3n simple, permite la construcci\u00f3n de equipos de menor peso y mayor sencillez de montaje.<\/p>\n","protected":false},"excerpt":{"rendered":"<p>Yugos y Camastros para l\u00edneas de 66, 132 y 220 KV Sistemas para estructuras de retenci\u00f3n Cadenas de Aisladores Simples El sistema consiste en: Juego de yugos para cadenas simples, apto para conductores de 70\u00a0 a 300 mm2 de secci\u00f3n. Su dise\u00f1o permite instalar el camastro con\u00a0 medialunas especiales, posibilitando el retiro e instalaci\u00f3n de [&hellip;]<\/p>\n","protected":false},"author":1,"featured_media":0,"parent":12,"menu_order":0,"comment_status":"closed","ping_status":"open","template":"","meta":{"_monsterinsights_skip_tracking":false,"_monsterinsights_sitenote_active":false,"_monsterinsights_sitenote_note":"","_monsterinsights_sitenote_category":0},"_links":{"self":[{"href":"https:\/\/morassohermanos.com.ar\/index.php?rest_route=\/wp\/v2\/pages\/13"}],"collection":[{"href":"https:\/\/morassohermanos.com.ar\/index.php?rest_route=\/wp\/v2\/pages"}],"about":[{"href":"https:\/\/morassohermanos.com.ar\/index.php?rest_route=\/wp\/v2\/types\/page"}],"author":[{"embeddable":true,"href":"https:\/\/morassohermanos.com.ar\/index.php?rest_route=\/wp\/v2\/users\/1"}],"replies":[{"embeddable":true,"href":"https:\/\/morassohermanos.com.ar\/index.php?rest_route=%2Fwp%2Fv2%2Fcomments&post=13"}],"version-history":[{"count":4,"href":"https:\/\/morassohermanos.com.ar\/index.php?rest_route=\/wp\/v2\/pages\/13\/revisions"}],"predecessor-version":[{"id":58,"href":"https:\/\/morassohermanos.com.ar\/index.php?rest_route=\/wp\/v2\/pages\/13\/revisions\/58"}],"up":[{"embeddable":true,"href":"https:\/\/morassohermanos.com.ar\/index.php?rest_route=\/wp\/v2\/pages\/12"}],"wp:attachment":[{"href":"https:\/\/morassohermanos.com.ar\/index.php?rest_route=%2Fwp%2Fv2%2Fmedia&parent=13"}],"curies":[{"name":"wp","href":"https:\/\/api.w.org\/{rel}","templated":true}]}}