{"id":14,"date":"2008-06-23T14:26:21","date_gmt":"2008-06-23T17:26:21","guid":{"rendered":"http:\/\/morassohermanos.com.ar\/?page_id=14"},"modified":"2008-07-22T13:37:55","modified_gmt":"2008-07-22T16:37:55","slug":"cadenas-de-aisladores-dobles","status":"publish","type":"page","link":"https:\/\/morassohermanos.com.ar\/?page_id=14","title":{"rendered":"Yugos y Camastros &#8211; Cadenas Dobles"},"content":{"rendered":"<p><span style=\"font-size: 14pt; font-family: Trebuchet MS; color: #333399;\">Yugos y Camastros para l\u00edneas de 66, 132 y 220 KV<\/span><br \/>\n<span style=\"color: #333399;\"><strong>Sistemas para estructuras de retenci\u00f3n<\/strong><\/span><br \/>\n<strong><span style=\"font-size: 12pt; font-family: Trebuchet MS; color: #339999;\">Cadenas de Aisladores Dobles<\/span><\/strong><\/p>\n<p>El tipo de herrajes de la instalaci\u00f3n (morseter\u00eda) determina el dise\u00f1o de los yugos auxiliares en tipos <em>monoplaca<\/em> o <em>biplaca<\/em>, como as\u00ed tambi\u00e9n si se fabrica en <em>aleaci\u00f3n de aluminio<\/em> o <em>chapa de acero<\/em> de alta resistencia.<br \/>\nSeg\u00fan lo indicado, el <strong>sistema tipo<\/strong> con yugos auxiliares consiste en:<\/p>\n<h3>MYDC-AL<\/h3>\n<div id=\"attachment_37\" style=\"width: 310px\" class=\"wp-caption aligncenter\"><a href=\"http:\/\/morassohermanos.com.ar\/wp-content\/uploads\/2008\/06\/1yugoauxladocaliente.jpg\"><img aria-describedby=\"caption-attachment-37\" loading=\"lazy\" class=\"size-medium wp-image-37\" title=\"1yugoauxladocaliente\" src=\"http:\/\/morassohermanos.com.ar\/wp-content\/uploads\/2008\/06\/1yugoauxladocaliente-300x201.jpg\" alt=\"\" width=\"300\" height=\"201\" srcset=\"https:\/\/morassohermanos.com.ar\/wp-content\/uploads\/2008\/06\/1yugoauxladocaliente-300x201.jpg 300w, https:\/\/morassohermanos.com.ar\/wp-content\/uploads\/2008\/06\/1yugoauxladocaliente.jpg 354w\" sizes=\"(max-width: 300px) 100vw, 300px\" \/><\/a><p id=\"caption-attachment-37\" class=\"wp-caption-text\">Yugo auxiliar (lado caliente)<\/p><\/div>\n<p>Tiene las siguientes caracter\u00edsticas:<br \/>\n\u00b7\u00a0\u00a0 Construido en aleaci\u00f3n de aluminio de alta resistencia,<br \/>\n\u00b7\u00a0\u00a0 Apto para instalaci\u00f3n mediante los m\u00e9todos de trabajos a potencial o a distancia,<br \/>\n\u00b7\u00a0\u00a0 Sistema de traba para una p\u00e9rtiga tensora del tipo ajustable (con pasadores),<br \/>\n\u00b7\u00a0\u00a0 Sistema de traba para dos p\u00e9rtigas tensoras del tipo ajustable (con pasadores), o fija con\u00a0 cabezales especiales<br \/>\n\u00b7\u00a0\u00a0 Dispositivo para traba de camastro simple.<\/p>\n<h3>MYDC-AC<\/h3>\n<div id=\"attachment_38\" style=\"width: 310px\" class=\"wp-caption aligncenter\"><a href=\"http:\/\/morassohermanos.com.ar\/wp-content\/uploads\/2008\/06\/132-kv-retencion-doble-lado.jpg\"><img aria-describedby=\"caption-attachment-38\" loading=\"lazy\" class=\"size-medium wp-image-38\" title=\"132-kv-retencion-doble-lado\" src=\"http:\/\/morassohermanos.com.ar\/wp-content\/uploads\/2008\/06\/132-kv-retencion-doble-lado-300x200.jpg\" alt=\"\" width=\"300\" height=\"200\" srcset=\"https:\/\/morassohermanos.com.ar\/wp-content\/uploads\/2008\/06\/132-kv-retencion-doble-lado-300x200.jpg 300w, https:\/\/morassohermanos.com.ar\/wp-content\/uploads\/2008\/06\/132-kv-retencion-doble-lado.jpg 354w\" sizes=\"(max-width: 300px) 100vw, 300px\" \/><\/a><p id=\"caption-attachment-38\" class=\"wp-caption-text\">Yugo para retenci\u00f3n doble, lado caliente, 132 Kv, construido en acero de alta resistencia.<\/p><\/div>\n<h3>MYDF-AC<\/h3>\n<div id=\"attachment_39\" style=\"width: 310px\" class=\"wp-caption aligncenter\"><a href=\"http:\/\/morassohermanos.com.ar\/wp-content\/uploads\/2008\/06\/132-kv-retencion-doble-frio.jpg\"><img aria-describedby=\"caption-attachment-39\" loading=\"lazy\" class=\"size-medium wp-image-39\" title=\"132-kv-retencion-doble-frio\" src=\"http:\/\/morassohermanos.com.ar\/wp-content\/uploads\/2008\/06\/132-kv-retencion-doble-frio-300x200.jpg\" alt=\"\" width=\"300\" height=\"200\" srcset=\"https:\/\/morassohermanos.com.ar\/wp-content\/uploads\/2008\/06\/132-kv-retencion-doble-frio-300x200.jpg 300w, https:\/\/morassohermanos.com.ar\/wp-content\/uploads\/2008\/06\/132-kv-retencion-doble-frio.jpg 354w\" sizes=\"(max-width: 300px) 100vw, 300px\" \/><\/a><p id=\"caption-attachment-39\" class=\"wp-caption-text\">Yugo para retenci\u00f3n doble, lado fr\u00edo, 132 Kv, construido en acero de alta resistencia.<\/p><\/div>\n<p>En caso de yugos de chapa de acero, su dise\u00f1o permite la colocaci\u00f3n de suplementos interiores de diferentes alturas, de tal manera que el mismo juego de yugos, es apto para morseter\u00eda (yugos de l\u00ednea) de diferentes espesores y modelos.<\/p>\n<h3>MYDF-AL<\/h3>\n<div id=\"attachment_40\" style=\"width: 310px\" class=\"wp-caption aligncenter\"><a href=\"http:\/\/morassohermanos.com.ar\/wp-content\/uploads\/2008\/06\/yugoauxladofrio.jpg\"><img aria-describedby=\"caption-attachment-40\" loading=\"lazy\" class=\"size-medium wp-image-40\" title=\"yugoauxladofrio\" src=\"http:\/\/morassohermanos.com.ar\/wp-content\/uploads\/2008\/06\/yugoauxladofrio-300x201.jpg\" alt=\"\" width=\"300\" height=\"201\" srcset=\"https:\/\/morassohermanos.com.ar\/wp-content\/uploads\/2008\/06\/yugoauxladofrio-300x201.jpg 300w, https:\/\/morassohermanos.com.ar\/wp-content\/uploads\/2008\/06\/yugoauxladofrio.jpg 354w\" sizes=\"(max-width: 300px) 100vw, 300px\" \/><\/a><p id=\"caption-attachment-40\" class=\"wp-caption-text\">Yugo auxiliar fijo (lado fr\u00edo) <\/p><\/div>\n<p>Tiene las siguientes caracter\u00edsticas:<br \/>\n\u00b7\u00a0\u00a0 Construido en aleaci\u00f3n de aluminio de alta resistencia,<br \/>\n\u00b7\u00a0\u00a0 Sistema para fijaci\u00f3n en m\u00e9nsula y\/o morseter\u00eda,<br \/>\n\u00b7\u00a0\u00a0 Sistema de traba para crapodinas y varillas roscadas de p\u00e9rtigas tensoras ajustables.<\/p>\n","protected":false},"excerpt":{"rendered":"<p>Yugos y Camastros para l\u00edneas de 66, 132 y 220 KV Sistemas para estructuras de retenci\u00f3n Cadenas de Aisladores Dobles El tipo de herrajes de la instalaci\u00f3n (morseter\u00eda) determina el dise\u00f1o de los yugos auxiliares en tipos monoplaca o biplaca, como as\u00ed tambi\u00e9n si se fabrica en aleaci\u00f3n de aluminio o chapa de acero de [&hellip;]<\/p>\n","protected":false},"author":1,"featured_media":0,"parent":12,"menu_order":0,"comment_status":"closed","ping_status":"open","template":"","meta":{"_monsterinsights_skip_tracking":false,"_monsterinsights_sitenote_active":false,"_monsterinsights_sitenote_note":"","_monsterinsights_sitenote_category":0},"_links":{"self":[{"href":"https:\/\/morassohermanos.com.ar\/index.php?rest_route=\/wp\/v2\/pages\/14"}],"collection":[{"href":"https:\/\/morassohermanos.com.ar\/index.php?rest_route=\/wp\/v2\/pages"}],"about":[{"href":"https:\/\/morassohermanos.com.ar\/index.php?rest_route=\/wp\/v2\/types\/page"}],"author":[{"embeddable":true,"href":"https:\/\/morassohermanos.com.ar\/index.php?rest_route=\/wp\/v2\/users\/1"}],"replies":[{"embeddable":true,"href":"https:\/\/morassohermanos.com.ar\/index.php?rest_route=%2Fwp%2Fv2%2Fcomments&post=14"}],"version-history":[{"count":9,"href":"https:\/\/morassohermanos.com.ar\/index.php?rest_route=\/wp\/v2\/pages\/14\/revisions"}],"predecessor-version":[{"id":63,"href":"https:\/\/morassohermanos.com.ar\/index.php?rest_route=\/wp\/v2\/pages\/14\/revisions\/63"}],"up":[{"embeddable":true,"href":"https:\/\/morassohermanos.com.ar\/index.php?rest_route=\/wp\/v2\/pages\/12"}],"wp:attachment":[{"href":"https:\/\/morassohermanos.com.ar\/index.php?rest_route=%2Fwp%2Fv2%2Fmedia&parent=14"}],"curies":[{"name":"wp","href":"https:\/\/api.w.org\/{rel}","templated":true}]}}