{"id":140,"date":"2008-07-30T21:22:14","date_gmt":"2008-07-31T00:22:14","guid":{"rendered":"http:\/\/morassohermanos.com.ar\/?page_id=140"},"modified":"2008-09-05T16:20:31","modified_gmt":"2008-09-05T19:20:31","slug":"contacto","status":"publish","type":"page","link":"https:\/\/morassohermanos.com.ar\/?page_id=140","title":{"rendered":"Contacto"},"content":{"rendered":"<h2><span style=\"color: #333399;\"><strong>Morasso Hermanos<\/strong><\/span><\/h2>\n<p class=\"MsoNormal\"><span style=\"font-size: 11pt; font-family: Trebuchet MS; color: #333399;\">Industria Metal\u00fargica Argentina<\/span><\/p>\n<p class=\"MsoNormal\"><span style=\"font-size: 10pt; font-family: Trebuchet MS;\">Paulo VI 633 &#8211; (S2124IJA) Villa Gobernador G\u00e1lvez &#8211; Santa <span class=\"SpellE\">F\u00e9<\/span> &#8211; Argentina\u00a0 (<a href=\"http:\/\/maps.google.es\/maps?f=q&amp;hl=es&amp;geocode=&amp;q=morasso+hermanos&amp;sll=-33.034913,-60.619812&amp;sspn=0.005577,0.011694&amp;ie=UTF8&amp;ll=-33.027879,-60.611486&amp;spn=0.005577,0.011694&amp;t=h&amp;z=14&amp;iwloc=A&amp;cid=-33036892,-60615735,3703465912353499451&amp;source=embed\" target=\"_blank\">ver mapa<\/a>)<br \/>\n<span style=\"color: #808080;\">Informaci\u00f3n GPS:<\/span><span style=\"color: #808080;\"> <\/span><span style=\"color: #000080;\">Latitud:\u00a0 33\u00b02&#8217;12.68&#8243;S\u00a0\u00a0 Longitud:\u00a0 60\u00b036&#8217;56.77&#8243;O<\/span><\/span><\/p>\n<p class=\"MsoNormal\">TelFax: +54 341 <strong>4926759<\/strong><\/p>\n<p class=\"MsoNormal\"><span style=\"font-size: 10pt; font-family: Trebuchet MS;\">mail: <a href=\"mailto:info@morassohermanos.com.ar?subject=Contacto desde la Web\">info@morassohermanos.com.ar<\/a><\/span><\/p>\n<p class=\"MsoNormal\"><span style=\"font-size: 10pt; font-family: Trebuchet MS;\">web<\/span><span style=\"font-size: 10pt; font-family: Trebuchet MS;\">: <span class=\"SpellE\">http:\/\/morassohermanos.com.ar<\/span><\/span><\/p>\n<p><small><a style=\"color:#0000FF;text-align:left\" href=\"http:\/\/maps.google.es\/maps?f=q&amp;hl=es&amp;geocode=&amp;q=morasso+hermanos&amp;sll=-33.034913,-60.619812&amp;sspn=0.005577,0.011694&amp;ie=UTF8&amp;ll=-33.027879,-60.611486&amp;spn=0.005577,0.011694&amp;t=h&amp;z=14&amp;iwloc=A&amp;cid=-33036892,-60615735,3703465912353499451&amp;source=embed\">Ver mapa en Google Maps<br \/>\n<\/a><\/small><\/p>\n","protected":false},"excerpt":{"rendered":"<p>Morasso Hermanos Industria Metal\u00fargica Argentina Paulo VI 633 &#8211; (S2124IJA) Villa Gobernador G\u00e1lvez &#8211; Santa F\u00e9 &#8211; Argentina\u00a0 (ver mapa) Informaci\u00f3n GPS: Latitud:\u00a0 33\u00b02&#8217;12.68&#8243;S\u00a0\u00a0 Longitud:\u00a0 60\u00b036&#8217;56.77&#8243;O TelFax: +54 341 4926759 mail: info@morassohermanos.com.ar web: http:\/\/morassohermanos.com.ar Ver mapa en Google Maps<\/p>\n","protected":false},"author":1,"featured_media":0,"parent":0,"menu_order":0,"comment_status":"closed","ping_status":"closed","template":"","meta":{"_monsterinsights_skip_tracking":false,"_monsterinsights_sitenote_active":false,"_monsterinsights_sitenote_note":"","_monsterinsights_sitenote_category":0},"_links":{"self":[{"href":"https:\/\/morassohermanos.com.ar\/index.php?rest_route=\/wp\/v2\/pages\/140"}],"collection":[{"href":"https:\/\/morassohermanos.com.ar\/index.php?rest_route=\/wp\/v2\/pages"}],"about":[{"href":"https:\/\/morassohermanos.com.ar\/index.php?rest_route=\/wp\/v2\/types\/page"}],"author":[{"embeddable":true,"href":"https:\/\/morassohermanos.com.ar\/index.php?rest_route=\/wp\/v2\/users\/1"}],"replies":[{"embeddable":true,"href":"https:\/\/morassohermanos.com.ar\/index.php?rest_route=%2Fwp%2Fv2%2Fcomments&post=140"}],"version-history":[{"count":19,"href":"https:\/\/morassohermanos.com.ar\/index.php?rest_route=\/wp\/v2\/pages\/140\/revisions"}],"predecessor-version":[{"id":172,"href":"https:\/\/morassohermanos.com.ar\/index.php?rest_route=\/wp\/v2\/pages\/140\/revisions\/172"}],"wp:attachment":[{"href":"https:\/\/morassohermanos.com.ar\/index.php?rest_route=%2Fwp%2Fv2%2Fmedia&parent=140"}],"curies":[{"name":"wp","href":"https:\/\/api.w.org\/{rel}","templated":true}]}}