{"id":15,"date":"2008-06-23T15:18:19","date_gmt":"2008-06-23T18:18:19","guid":{"rendered":"http:\/\/morassohermanos.com.ar\/?page_id=15"},"modified":"2008-07-23T09:38:25","modified_gmt":"2008-07-23T12:38:25","slug":"yugos-auxiliares","status":"publish","type":"page","link":"https:\/\/morassohermanos.com.ar\/?page_id=15","title":{"rendered":"Yugos auxiliares"},"content":{"rendered":"<p>Yugos de aluminio, construidos con aleaciones de alta resistencia,\u00a0 para mantenimiento de l\u00edneas de media, alta y muy alta tensi\u00f3n, tanto a potencial como a distancia.<br \/>\nExcelente relaci\u00f3n carga de trabajo-peso propio.<\/p>\n<p><strong>La totalidad de las herramientas son ensayadas a m\u00e1xima carga de trabajo, simulando la condici\u00f3n de uso.<\/strong><\/p>\n<div id=\"attachment_48\" style=\"width: 310px\" class=\"wp-caption aligncenter\"><a href=\"http:\/\/morassohermanos.com.ar\/wp-content\/uploads\/2008\/07\/enganches.jpg\"><img aria-describedby=\"caption-attachment-48\" loading=\"lazy\" class=\"size-medium wp-image-48\" title=\"enganches\" src=\"http:\/\/morassohermanos.com.ar\/wp-content\/uploads\/2008\/07\/enganches-300x191.jpg\" alt=\"\" width=\"300\" height=\"191\" srcset=\"https:\/\/morassohermanos.com.ar\/wp-content\/uploads\/2008\/07\/enganches-300x191.jpg 300w, https:\/\/morassohermanos.com.ar\/wp-content\/uploads\/2008\/07\/enganches.jpg 483w\" sizes=\"(max-width: 300px) 100vw, 300px\" \/><\/a><p id=\"caption-attachment-48\" class=\"wp-caption-text\">Sistema de enganche de p\u00e9rtiga tensora mediante cabezal horquilla<\/p><\/div>\n<h3>MYCF-010-D<\/h3>\n<div id=\"attachment_67\" style=\"width: 293px\" class=\"wp-caption aligncenter\"><a href=\"http:\/\/morassohermanos.com.ar\/wp-content\/uploads\/2008\/07\/mycf-010-d.jpg\"><img aria-describedby=\"caption-attachment-67\" loading=\"lazy\" class=\"size-medium wp-image-67\" title=\"mycf-010-d\" src=\"http:\/\/morassohermanos.com.ar\/wp-content\/uploads\/2008\/07\/mycf-010-d.jpg\" alt=\"\" width=\"283\" height=\"132\" \/><\/a><p id=\"caption-attachment-67\" class=\"wp-caption-text\">Sistema de enganche de p\u00e9rtiga con tonelete o varilla tensora con crapodina<\/p><\/div>\n<h3>MYCF-10-S<\/h3>\n<div id=\"attachment_70\" style=\"width: 293px\" class=\"wp-caption aligncenter\"><a href=\"http:\/\/morassohermanos.com.ar\/wp-content\/uploads\/2008\/07\/mycf-010grupo.jpg\"><img aria-describedby=\"caption-attachment-70\" loading=\"lazy\" class=\"size-medium wp-image-70\" title=\"mycf-010grupo\" src=\"http:\/\/morassohermanos.com.ar\/wp-content\/uploads\/2008\/07\/mycf-010grupo.jpg\" alt=\"\" width=\"283\" height=\"244\" \/><\/a><p id=\"caption-attachment-70\" class=\"wp-caption-text\">Yugo lado caliente para cambio de cadena simple o doble de aisladores, tipo  \u201cY\u201d,  en estructuras Cross Rope<\/p><\/div>\n<h3>MYCF-006\/003<\/h3>\n<div id=\"attachment_68\" style=\"width: 293px\" class=\"wp-caption aligncenter\"><a href=\"http:\/\/morassohermanos.com.ar\/wp-content\/uploads\/2008\/07\/myf-006-003.jpg\"><img aria-describedby=\"caption-attachment-68\" loading=\"lazy\" class=\"size-medium wp-image-68\" title=\"myf-006-003\" src=\"http:\/\/morassohermanos.com.ar\/wp-content\/uploads\/2008\/07\/myf-006-003.jpg\" alt=\"\" width=\"283\" height=\"163\" \/><\/a><p id=\"caption-attachment-68\" class=\"wp-caption-text\">Sistema de enganche de p\u00e9rtiga con tonelete o varilla tensora con crapodina<\/p><\/div>\n<h3>MYC-009\/014\/011<\/h3>\n<div id=\"attachment_69\" style=\"width: 293px\" class=\"wp-caption aligncenter\"><a href=\"http:\/\/morassohermanos.com.ar\/wp-content\/uploads\/2008\/07\/myc-009-014-011.jpg\"><img aria-describedby=\"caption-attachment-69\" loading=\"lazy\" class=\"size-medium wp-image-69\" title=\"myc-009-014-011\" src=\"http:\/\/morassohermanos.com.ar\/wp-content\/uploads\/2008\/07\/myc-009-014-011.jpg\" alt=\"\" width=\"283\" height=\"147\" \/><\/a><p id=\"caption-attachment-69\" class=\"wp-caption-text\">Sistema de enganche de p\u00e9rtiga con tonelete o varilla tensora con crapodina<\/p><\/div>\n<h3>Z\u00f3calos para yugo biplaca<\/h3>\n<div id=\"attachment_71\" style=\"width: 293px\" class=\"wp-caption aligncenter\"><a href=\"http:\/\/morassohermanos.com.ar\/wp-content\/uploads\/2008\/07\/zocalos.jpg\"><img aria-describedby=\"caption-attachment-71\" loading=\"lazy\" class=\"size-medium wp-image-71\" title=\"zocalos\" src=\"http:\/\/morassohermanos.com.ar\/wp-content\/uploads\/2008\/07\/zocalos.jpg\" alt=\"\" width=\"283\" height=\"141\" \/><\/a><p id=\"caption-attachment-71\" class=\"wp-caption-text\">Z\u00f3calos de aluminio<\/p><\/div>\n<h3>MYCF-001\/008<\/h3>\n<div id=\"attachment_74\" style=\"width: 293px\" class=\"wp-caption aligncenter\"><a href=\"http:\/\/morassohermanos.com.ar\/wp-content\/uploads\/2008\/07\/mycf-001-008.jpg\"><img aria-describedby=\"caption-attachment-74\" loading=\"lazy\" class=\"size-medium wp-image-74\" title=\"mycf-001-008\" src=\"http:\/\/morassohermanos.com.ar\/wp-content\/uploads\/2008\/07\/mycf-001-008.jpg\" alt=\"\" width=\"283\" height=\"102\" \/><\/a><p id=\"caption-attachment-74\" class=\"wp-caption-text\">001-008<\/p><\/div>\n<h3>MYC-004<\/h3>\n<div id=\"attachment_75\" style=\"width: 293px\" class=\"wp-caption aligncenter\"><a href=\"http:\/\/morassohermanos.com.ar\/wp-content\/uploads\/2008\/07\/myc-004.jpg\"><img aria-describedby=\"caption-attachment-75\" loading=\"lazy\" class=\"size-medium wp-image-75\" title=\"myc-004\" src=\"http:\/\/morassohermanos.com.ar\/wp-content\/uploads\/2008\/07\/myc-004.jpg\" alt=\"\" width=\"283\" height=\"170\" \/><\/a><p id=\"caption-attachment-75\" class=\"wp-caption-text\">004<\/p><\/div>\n<h3>MYC-005 y MYA-015<\/h3>\n<div id=\"attachment_76\" style=\"width: 293px\" class=\"wp-caption aligncenter\"><a href=\"http:\/\/morassohermanos.com.ar\/wp-content\/uploads\/2008\/07\/myc-005_mya-015.jpg\"><img aria-describedby=\"caption-attachment-76\" loading=\"lazy\" class=\"size-medium wp-image-76\" title=\"myc-005_mya-015\" src=\"http:\/\/morassohermanos.com.ar\/wp-content\/uploads\/2008\/07\/myc-005_mya-015.jpg\" alt=\"\" width=\"283\" height=\"93\" \/><\/a><p id=\"caption-attachment-76\" class=\"wp-caption-text\">005 y 015<\/p><\/div>\n<p><span style=\"color: #333399;\"><strong>Nota:<\/strong> Como los yugos se dise\u00f1an para trabajar con distintos tipos de estructuras, se deben solicitar los conjuntos para cada caso en particular.<\/span><\/p>\n<h3>Pedestal<\/h3>\n<div id=\"attachment_79\" style=\"width: 190px\" class=\"wp-caption aligncenter\"><a href=\"http:\/\/morassohermanos.com.ar\/wp-content\/uploads\/2008\/07\/pedestal.jpg\"><img aria-describedby=\"caption-attachment-79\" loading=\"lazy\" class=\"size-medium wp-image-79\" title=\"pedestal\" src=\"http:\/\/morassohermanos.com.ar\/wp-content\/uploads\/2008\/07\/pedestal-180x300.jpg\" alt=\"\" width=\"180\" height=\"300\" srcset=\"https:\/\/morassohermanos.com.ar\/wp-content\/uploads\/2008\/07\/pedestal-180x300.jpg 180w, https:\/\/morassohermanos.com.ar\/wp-content\/uploads\/2008\/07\/pedestal.jpg 189w\" sizes=\"(max-width: 180px) 100vw, 180px\" \/><\/a><p id=\"caption-attachment-79\" class=\"wp-caption-text\">Pedestal para instalar yugo en m\u00e9nsula, para cambio de cadenas en  \u201cV\u201d, en fase central<\/p><\/div>\n<h3>Yugos para punta de m\u00e9nsula<\/h3>\n<div id=\"attachment_80\" style=\"width: 310px\" class=\"wp-caption aligncenter\"><a href=\"http:\/\/morassohermanos.com.ar\/wp-content\/uploads\/2008\/07\/yugopuntamontado.jpg\"><img aria-describedby=\"caption-attachment-80\" loading=\"lazy\" class=\"size-medium wp-image-80\" title=\"yugopuntamontado\" src=\"http:\/\/morassohermanos.com.ar\/wp-content\/uploads\/2008\/07\/yugopuntamontado-300x160.jpg\" alt=\"\" width=\"300\" height=\"160\" srcset=\"https:\/\/morassohermanos.com.ar\/wp-content\/uploads\/2008\/07\/yugopuntamontado-300x160.jpg 300w, https:\/\/morassohermanos.com.ar\/wp-content\/uploads\/2008\/07\/yugopuntamontado.jpg 369w\" sizes=\"(max-width: 300px) 100vw, 300px\" \/><\/a><p id=\"caption-attachment-80\" class=\"wp-caption-text\">Yugo montado<\/p><\/div>\n<h3>MSFPM-001-2-3<\/h3>\n<div id=\"attachment_81\" style=\"width: 293px\" class=\"wp-caption aligncenter\"><a href=\"http:\/\/morassohermanos.com.ar\/wp-content\/uploads\/2008\/07\/msfpm-001-2-3grupo.jpg\"><img aria-describedby=\"caption-attachment-81\" loading=\"lazy\" class=\"size-medium wp-image-81\" title=\"msfpm-001-2-3grupo\" src=\"http:\/\/morassohermanos.com.ar\/wp-content\/uploads\/2008\/07\/msfpm-001-2-3grupo.jpg\" alt=\"\" width=\"283\" height=\"298\" \/><\/a><p id=\"caption-attachment-81\" class=\"wp-caption-text\">Yugos para punta de m\u00e9nsula construidos en acero plegado, con cabezales giratorios, en aleaci\u00f3n de aluminio, con cuna de apoyo para mu\u00f1\u00f3n con crapodina<\/p><\/div>\n<h3>Ensayos<\/h3>\n<div id=\"attachment_83\" style=\"width: 310px\" class=\"wp-caption aligncenter\"><a href=\"http:\/\/morassohermanos.com.ar\/wp-content\/uploads\/2008\/07\/ensayo.jpg\"><img aria-describedby=\"caption-attachment-83\" loading=\"lazy\" class=\"size-medium wp-image-83\" title=\"ensayo\" src=\"http:\/\/morassohermanos.com.ar\/wp-content\/uploads\/2008\/07\/ensayo-300x190.jpg\" alt=\"de enganche de p\u00e9rtiga con tonelete\" width=\"300\" height=\"190\" srcset=\"https:\/\/morassohermanos.com.ar\/wp-content\/uploads\/2008\/07\/ensayo-300x190.jpg 300w, https:\/\/morassohermanos.com.ar\/wp-content\/uploads\/2008\/07\/ensayo.jpg 363w\" sizes=\"(max-width: 300px) 100vw, 300px\" \/><\/a><p id=\"caption-attachment-83\" class=\"wp-caption-text\">de enganche de p\u00e9rtiga con tonelete<\/p><\/div>\n<div id=\"attachment_84\" style=\"width: 310px\" class=\"wp-caption aligncenter\"><a href=\"http:\/\/morassohermanos.com.ar\/wp-content\/uploads\/2008\/07\/ensayofrente.jpg\"><img aria-describedby=\"caption-attachment-84\" loading=\"lazy\" class=\"size-medium wp-image-84\" title=\"ensayofrente\" src=\"http:\/\/morassohermanos.com.ar\/wp-content\/uploads\/2008\/07\/ensayofrente-300x195.jpg\" alt=\"de enganche de p\u00e9rtiga tensora\" width=\"300\" height=\"195\" srcset=\"https:\/\/morassohermanos.com.ar\/wp-content\/uploads\/2008\/07\/ensayofrente-300x195.jpg 300w, https:\/\/morassohermanos.com.ar\/wp-content\/uploads\/2008\/07\/ensayofrente.jpg 369w\" sizes=\"(max-width: 300px) 100vw, 300px\" \/><\/a><p id=\"caption-attachment-84\" class=\"wp-caption-text\">de enganche de p\u00e9rtiga tensora<\/p><\/div>\n","protected":false},"excerpt":{"rendered":"<p>Yugos de aluminio, construidos con aleaciones de alta resistencia,\u00a0 para mantenimiento de l\u00edneas de media, alta y muy alta tensi\u00f3n, tanto a potencial como a distancia. Excelente relaci\u00f3n carga de trabajo-peso propio. La totalidad de las herramientas son ensayadas a m\u00e1xima carga de trabajo, simulando la condici\u00f3n de uso. MYCF-010-D MYCF-10-S MYCF-006\/003 MYC-009\/014\/011 Z\u00f3calos para [&hellip;]<\/p>\n","protected":false},"author":1,"featured_media":0,"parent":12,"menu_order":0,"comment_status":"closed","ping_status":"open","template":"","meta":{"_monsterinsights_skip_tracking":false,"_monsterinsights_sitenote_active":false,"_monsterinsights_sitenote_note":"","_monsterinsights_sitenote_category":0},"_links":{"self":[{"href":"https:\/\/morassohermanos.com.ar\/index.php?rest_route=\/wp\/v2\/pages\/15"}],"collection":[{"href":"https:\/\/morassohermanos.com.ar\/index.php?rest_route=\/wp\/v2\/pages"}],"about":[{"href":"https:\/\/morassohermanos.com.ar\/index.php?rest_route=\/wp\/v2\/types\/page"}],"author":[{"embeddable":true,"href":"https:\/\/morassohermanos.com.ar\/index.php?rest_route=\/wp\/v2\/users\/1"}],"replies":[{"embeddable":true,"href":"https:\/\/morassohermanos.com.ar\/index.php?rest_route=%2Fwp%2Fv2%2Fcomments&post=15"}],"version-history":[{"count":15,"href":"https:\/\/morassohermanos.com.ar\/index.php?rest_route=\/wp\/v2\/pages\/15\/revisions"}],"predecessor-version":[{"id":47,"href":"https:\/\/morassohermanos.com.ar\/index.php?rest_route=\/wp\/v2\/pages\/15\/revisions\/47"}],"up":[{"embeddable":true,"href":"https:\/\/morassohermanos.com.ar\/index.php?rest_route=\/wp\/v2\/pages\/12"}],"wp:attachment":[{"href":"https:\/\/morassohermanos.com.ar\/index.php?rest_route=%2Fwp%2Fv2%2Fmedia&parent=15"}],"curies":[{"name":"wp","href":"https:\/\/api.w.org\/{rel}","templated":true}]}}