{"id":16,"date":"2008-06-23T15:19:57","date_gmt":"2008-06-23T18:19:57","guid":{"rendered":"http:\/\/morassohermanos.com.ar\/?page_id=16"},"modified":"2008-07-23T11:41:37","modified_gmt":"2008-07-23T14:41:37","slug":"equipo-para-recambio-simultaneo","status":"publish","type":"page","link":"https:\/\/morassohermanos.com.ar\/?page_id=16","title":{"rendered":"Equipo para recambio simult\u00e1neo"},"content":{"rendered":"<p><span style=\"font-size: 14pt; font-family: Trebuchet MS; color: #333399;\">en l\u00edneas con cadena doble<\/span><\/p>\n<h3>MJHCD<\/h3>\n<div id=\"attachment_93\" style=\"width: 310px\" class=\"wp-caption aligncenter\"><a href=\"http:\/\/morassohermanos.com.ar\/wp-content\/uploads\/2008\/07\/mjhcd1.jpg\"><img aria-describedby=\"caption-attachment-93\" loading=\"lazy\" class=\"size-medium wp-image-93\" title=\"mjhcd1\" src=\"http:\/\/morassohermanos.com.ar\/wp-content\/uploads\/2008\/07\/mjhcd1-300x165.jpg\" alt=\"\" width=\"300\" height=\"165\" srcset=\"https:\/\/morassohermanos.com.ar\/wp-content\/uploads\/2008\/07\/mjhcd1-300x165.jpg 300w, https:\/\/morassohermanos.com.ar\/wp-content\/uploads\/2008\/07\/mjhcd1.jpg 425w\" sizes=\"(max-width: 300px) 100vw, 300px\" \/><\/a><p id=\"caption-attachment-93\" class=\"wp-caption-text\">Este equipo fue dise\u00f1ado y construido especialmente para el cambio de cadenas en retenciones dobles, de l\u00edneas de 220 KV.<\/p><\/div>\n<p>Consiste en un gancho doble que toma el balanc\u00edn de la cadena de aisladores del lado fr\u00edo y un dispositivo especial que se monta sobre el yugo de la cadena del lado caliente, vinculados entre si por una p\u00e9rtiga tensora con cabezales tipo horquilla en ambos extremos.<\/p>\n<div id=\"attachment_94\" style=\"width: 310px\" class=\"wp-caption aligncenter\"><a href=\"http:\/\/morassohermanos.com.ar\/wp-content\/uploads\/2008\/07\/mjhcd2.jpg\"><img aria-describedby=\"caption-attachment-94\" loading=\"lazy\" class=\"size-medium wp-image-94\" title=\"mjhcd2\" src=\"http:\/\/morassohermanos.com.ar\/wp-content\/uploads\/2008\/07\/mjhcd2-300x74.jpg\" alt=\"\" width=\"300\" height=\"74\" srcset=\"https:\/\/morassohermanos.com.ar\/wp-content\/uploads\/2008\/07\/mjhcd2-300x74.jpg 300w, https:\/\/morassohermanos.com.ar\/wp-content\/uploads\/2008\/07\/mjhcd2.jpg 425w\" sizes=\"(max-width: 300px) 100vw, 300px\" \/><\/a><p id=\"caption-attachment-94\" class=\"wp-caption-text\">P\u00e9rtiga tensora<\/p><\/div>\n<p>El dispositivo montado del lado caliente, tiene dos tornillos tensores con sus correspondientes crapodinas que permiten la compresi\u00f3n de las dos cadenas al mismo tiempo. Estas se apoyan sobre un camastro doble, permitiendo su recambio en forma simult\u00e1nea.<\/p>\n<div id=\"attachment_98\" style=\"width: 310px\" class=\"wp-caption aligncenter\"><a href=\"http:\/\/morassohermanos.com.ar\/wp-content\/uploads\/2008\/07\/mjhcd1a.jpg\"><img aria-describedby=\"caption-attachment-98\" loading=\"lazy\" class=\"size-medium wp-image-98\" title=\"mjhcd1a\" src=\"http:\/\/morassohermanos.com.ar\/wp-content\/uploads\/2008\/07\/mjhcd1a-300x204.jpg\" alt=\"Para montar del lado caliente\" width=\"300\" height=\"204\" srcset=\"https:\/\/morassohermanos.com.ar\/wp-content\/uploads\/2008\/07\/mjhcd1a-300x204.jpg 300w, https:\/\/morassohermanos.com.ar\/wp-content\/uploads\/2008\/07\/mjhcd1a.jpg 425w\" sizes=\"(max-width: 300px) 100vw, 300px\" \/><\/a><p id=\"caption-attachment-98\" class=\"wp-caption-text\">Para montar del lado caliente<\/p><\/div>\n<p>El camastro est\u00e1 construido con medialunas de dise\u00f1o apropiado como para permitir el libre desplazamiento de la cadena, sin ning\u00fan tipo de interferencias.<\/p>\n<div id=\"attachment_95\" style=\"width: 310px\" class=\"wp-caption aligncenter\"><a href=\"http:\/\/morassohermanos.com.ar\/wp-content\/uploads\/2008\/07\/mjhcd3.jpg\"><img aria-describedby=\"caption-attachment-95\" loading=\"lazy\" class=\"size-medium wp-image-95\" title=\"mjhcd3\" src=\"http:\/\/morassohermanos.com.ar\/wp-content\/uploads\/2008\/07\/mjhcd3-300x100.jpg\" alt=\"\" width=\"300\" height=\"100\" srcset=\"https:\/\/morassohermanos.com.ar\/wp-content\/uploads\/2008\/07\/mjhcd3-300x100.jpg 300w, https:\/\/morassohermanos.com.ar\/wp-content\/uploads\/2008\/07\/mjhcd3.jpg 425w\" sizes=\"(max-width: 300px) 100vw, 300px\" \/><\/a><p id=\"caption-attachment-95\" class=\"wp-caption-text\">Medialunas para libre desplazamiento de la cadena de aisladores<\/p><\/div>\n<p>La sencillez del m\u00e9todo, el bajo costo del equipo, su f\u00e1cil instalaci\u00f3n, como as\u00ed tambi\u00e9n la poca cantidad de elementos auxiliares necesarios, reducen sensiblemente los costos de mantenimiento en este tipo de retenciones<\/p>\n","protected":false},"excerpt":{"rendered":"<p>en l\u00edneas con cadena doble MJHCD Consiste en un gancho doble que toma el balanc\u00edn de la cadena de aisladores del lado fr\u00edo y un dispositivo especial que se monta sobre el yugo de la cadena del lado caliente, vinculados entre si por una p\u00e9rtiga tensora con cabezales tipo horquilla en ambos extremos. El dispositivo [&hellip;]<\/p>\n","protected":false},"author":1,"featured_media":0,"parent":12,"menu_order":0,"comment_status":"closed","ping_status":"open","template":"","meta":{"_monsterinsights_skip_tracking":false,"_monsterinsights_sitenote_active":false,"_monsterinsights_sitenote_note":"","_monsterinsights_sitenote_category":0},"_links":{"self":[{"href":"https:\/\/morassohermanos.com.ar\/index.php?rest_route=\/wp\/v2\/pages\/16"}],"collection":[{"href":"https:\/\/morassohermanos.com.ar\/index.php?rest_route=\/wp\/v2\/pages"}],"about":[{"href":"https:\/\/morassohermanos.com.ar\/index.php?rest_route=\/wp\/v2\/types\/page"}],"author":[{"embeddable":true,"href":"https:\/\/morassohermanos.com.ar\/index.php?rest_route=\/wp\/v2\/users\/1"}],"replies":[{"embeddable":true,"href":"https:\/\/morassohermanos.com.ar\/index.php?rest_route=%2Fwp%2Fv2%2Fcomments&post=16"}],"version-history":[{"count":7,"href":"https:\/\/morassohermanos.com.ar\/index.php?rest_route=\/wp\/v2\/pages\/16\/revisions"}],"predecessor-version":[{"id":87,"href":"https:\/\/morassohermanos.com.ar\/index.php?rest_route=\/wp\/v2\/pages\/16\/revisions\/87"}],"up":[{"embeddable":true,"href":"https:\/\/morassohermanos.com.ar\/index.php?rest_route=\/wp\/v2\/pages\/12"}],"wp:attachment":[{"href":"https:\/\/morassohermanos.com.ar\/index.php?rest_route=%2Fwp%2Fv2%2Fmedia&parent=16"}],"curies":[{"name":"wp","href":"https:\/\/api.w.org\/{rel}","templated":true}]}}