{"id":17,"date":"2008-06-23T15:20:49","date_gmt":"2008-06-23T18:20:49","guid":{"rendered":"http:\/\/morassohermanos.com.ar\/?page_id=17"},"modified":"2008-07-23T11:44:13","modified_gmt":"2008-07-23T14:44:13","slug":"herramientas-tensoras","status":"publish","type":"page","link":"https:\/\/morassohermanos.com.ar\/?page_id=17","title":{"rendered":"Herramientas tensoras"},"content":{"rendered":"<p><span style=\"font-size: 14pt; font-family: Trebuchet MS; color: #333399;\">y dispositivos para enmorsetado<\/span><\/p>\n<h3>Herramienta tensora para cambio y\/o reparaci\u00f3n de morseter\u00eda MHTPM-1<\/h3>\n<div id=\"attachment_102\" style=\"width: 310px\" class=\"wp-caption aligncenter\"><a href=\"http:\/\/morassohermanos.com.ar\/wp-content\/uploads\/2008\/07\/herramtensrepmorseteria1.jpg\"><img aria-describedby=\"caption-attachment-102\" loading=\"lazy\" class=\"size-medium wp-image-102\" title=\"herramtensrepmorseteria1\" src=\"http:\/\/morassohermanos.com.ar\/wp-content\/uploads\/2008\/07\/herramtensrepmorseteria1-300x245.jpg\" alt=\"\" width=\"300\" height=\"245\" srcset=\"https:\/\/morassohermanos.com.ar\/wp-content\/uploads\/2008\/07\/herramtensrepmorseteria1-300x245.jpg 300w, https:\/\/morassohermanos.com.ar\/wp-content\/uploads\/2008\/07\/herramtensrepmorseteria1.jpg 503w\" sizes=\"(max-width: 300px) 100vw, 300px\" \/><\/a><p id=\"caption-attachment-102\" class=\"wp-caption-text\">Apta para trabajos con tensi\u00f3n<\/p><\/div>\n<p>Esta herramienta fue especialmente dise\u00f1ada para el cambio y\/o reparaci\u00f3n de morseter\u00eda y herrajes superiores en cadenas de aisladores (vidrio o porcelana) de suspensi\u00f3n simple,<\/p>\n<div id=\"attachment_103\" style=\"width: 214px\" class=\"wp-caption alignnone\"><a href=\"http:\/\/morassohermanos.com.ar\/wp-content\/uploads\/2008\/07\/herramtensmorseteria.jpg\"><img aria-describedby=\"caption-attachment-103\" loading=\"lazy\" class=\"size-medium wp-image-103\" title=\"herramtensmorseteria\" src=\"http:\/\/morassohermanos.com.ar\/wp-content\/uploads\/2008\/07\/herramtensmorseteria-204x300.jpg\" alt=\"\" width=\"204\" height=\"300\" srcset=\"https:\/\/morassohermanos.com.ar\/wp-content\/uploads\/2008\/07\/herramtensmorseteria-204x300.jpg 204w, https:\/\/morassohermanos.com.ar\/wp-content\/uploads\/2008\/07\/herramtensmorseteria.jpg 222w\" sizes=\"(max-width: 204px) 100vw, 204px\" \/><\/a><p id=\"caption-attachment-103\" class=\"wp-caption-text\">Para cadenas de aisladores de vidrio o porcelana<\/p><\/div>\n<p>tanto en estructuras de hormig\u00f3n como met\u00e1licas. Es apta para trabajos con tensi\u00f3n (TcT).<\/p>\n<h3>MHTPM-CR<\/h3>\n<p>Herramienta especialmente dise\u00f1ada para cambio de morseter\u00eda superior, de cadenas tipo \u00abI\u00bb, simples o dobles en estructuras Cross Rope.<\/p>\n<div id=\"attachment_105\" style=\"width: 310px\" class=\"wp-caption aligncenter\"><a href=\"http:\/\/morassohermanos.com.ar\/wp-content\/uploads\/2008\/07\/mhtpm-cr.jpg\"><img aria-describedby=\"caption-attachment-105\" loading=\"lazy\" class=\"size-medium wp-image-105\" title=\"mhtpm-cr\" src=\"http:\/\/morassohermanos.com.ar\/wp-content\/uploads\/2008\/07\/mhtpm-cr-300x158.jpg\" alt=\"\" width=\"300\" height=\"158\" srcset=\"https:\/\/morassohermanos.com.ar\/wp-content\/uploads\/2008\/07\/mhtpm-cr-300x158.jpg 300w, https:\/\/morassohermanos.com.ar\/wp-content\/uploads\/2008\/07\/mhtpm-cr.jpg 340w\" sizes=\"(max-width: 300px) 100vw, 300px\" \/><\/a><p id=\"caption-attachment-105\" class=\"wp-caption-text\">Para cambio de morseter\u00eda superior en estructuras Cross Rope<\/p><\/div>\n<p>Incluye dos varillas roscadas con cabezal especial, mu\u00f1ones con crapodina y llaves de crique.<\/p>\n<h3>Herramienta Tensora MHTPA-1-2-3-4<\/h3>\n<p>Especialmente dise\u00f1ada para el cambio de aisladores en cadenas de\u00a0 suspensi\u00f3n y\/o retenci\u00f3n con l\u00ednea fuera de servicio.<\/p>\n<div id=\"attachment_107\" style=\"width: 149px\" class=\"wp-caption aligncenter\"><a href=\"http:\/\/morassohermanos.com.ar\/wp-content\/uploads\/2008\/07\/herramientatensora.jpg\"><img aria-describedby=\"caption-attachment-107\" loading=\"lazy\" class=\"size-medium wp-image-107\" title=\"herramientatensora\" src=\"http:\/\/morassohermanos.com.ar\/wp-content\/uploads\/2008\/07\/herramientatensora-139x300.jpg\" alt=\"\" width=\"139\" height=\"300\" srcset=\"https:\/\/morassohermanos.com.ar\/wp-content\/uploads\/2008\/07\/herramientatensora-139x300.jpg 139w, https:\/\/morassohermanos.com.ar\/wp-content\/uploads\/2008\/07\/herramientatensora.jpg 158w\" sizes=\"(max-width: 139px) 100vw, 139px\" \/><\/a><p id=\"caption-attachment-107\" class=\"wp-caption-text\">Admite hasta cinco aisladores <\/p><\/div>\n<p>Su sistema admite comprimir hasta cinco aisladores (permitiendo el cambio de hasta tres elementos), mediante una simple maniobra, involucrando muy poco personal en la tarea.<br \/>\nSe construye tanto para aisladores de vidrio como de porcelana, adapt\u00e1ndose a sus diferentes tipos y dimensiones.<br \/>\nDependiendo de la ubicaci\u00f3n de los aisladores da\u00f1ados en la cadena, puede ser utilizada en trabajos con tensi\u00f3n.<\/p>\n<h3>Dispositivo de enmorsetado MSFO-1<\/h3>\n<p>Luego del tendido de los conductores se hace necesario el enmorsetado de los mismos y su posterior sujeci\u00f3n a la estructura soporte. Por lo general esto se hace con la instalaci\u00f3n de varillas preformadas y morsas de suspensi\u00f3n.<\/p>\n<p><a href=\"http:\/\/morassohermanos.com.ar\/wp-content\/uploads\/2008\/07\/dispenmorsetado1.jpg\"><img loading=\"lazy\" class=\"aligncenter size-medium wp-image-112\" title=\"dispenmorsetado1\" src=\"http:\/\/morassohermanos.com.ar\/wp-content\/uploads\/2008\/07\/dispenmorsetado1.jpg\" alt=\"\" width=\"283\" height=\"224\" \/><\/a><br \/>\nEn la foto se puede observar un dispositivo dise\u00f1ado para Transener para enmorsetado de fibra \u00f3ptica en la IV L\u00ednea (Comahue-Buenos Aires).<\/p>\n","protected":false},"excerpt":{"rendered":"<p>y dispositivos para enmorsetado Herramienta tensora para cambio y\/o reparaci\u00f3n de morseter\u00eda MHTPM-1 Esta herramienta fue especialmente dise\u00f1ada para el cambio y\/o reparaci\u00f3n de morseter\u00eda y herrajes superiores en cadenas de aisladores (vidrio o porcelana) de suspensi\u00f3n simple, tanto en estructuras de hormig\u00f3n como met\u00e1licas. Es apta para trabajos con tensi\u00f3n (TcT). MHTPM-CR Herramienta especialmente [&hellip;]<\/p>\n","protected":false},"author":1,"featured_media":0,"parent":12,"menu_order":0,"comment_status":"closed","ping_status":"open","template":"","meta":{"_monsterinsights_skip_tracking":false,"_monsterinsights_sitenote_active":false,"_monsterinsights_sitenote_note":"","_monsterinsights_sitenote_category":0},"_links":{"self":[{"href":"https:\/\/morassohermanos.com.ar\/index.php?rest_route=\/wp\/v2\/pages\/17"}],"collection":[{"href":"https:\/\/morassohermanos.com.ar\/index.php?rest_route=\/wp\/v2\/pages"}],"about":[{"href":"https:\/\/morassohermanos.com.ar\/index.php?rest_route=\/wp\/v2\/types\/page"}],"author":[{"embeddable":true,"href":"https:\/\/morassohermanos.com.ar\/index.php?rest_route=\/wp\/v2\/users\/1"}],"replies":[{"embeddable":true,"href":"https:\/\/morassohermanos.com.ar\/index.php?rest_route=%2Fwp%2Fv2%2Fcomments&post=17"}],"version-history":[{"count":13,"href":"https:\/\/morassohermanos.com.ar\/index.php?rest_route=\/wp\/v2\/pages\/17\/revisions"}],"predecessor-version":[{"id":100,"href":"https:\/\/morassohermanos.com.ar\/index.php?rest_route=\/wp\/v2\/pages\/17\/revisions\/100"}],"up":[{"embeddable":true,"href":"https:\/\/morassohermanos.com.ar\/index.php?rest_route=\/wp\/v2\/pages\/12"}],"wp:attachment":[{"href":"https:\/\/morassohermanos.com.ar\/index.php?rest_route=%2Fwp%2Fv2%2Fmedia&parent=17"}],"curies":[{"name":"wp","href":"https:\/\/api.w.org\/{rel}","templated":true}]}}