{"id":19,"date":"2008-06-23T15:24:15","date_gmt":"2008-06-23T18:24:15","guid":{"rendered":"http:\/\/morassohermanos.com.ar\/?page_id=19"},"modified":"2008-11-19T23:38:16","modified_gmt":"2008-11-20T02:38:16","slug":"camastros","status":"publish","type":"page","link":"https:\/\/morassohermanos.com.ar\/?page_id=19","title":{"rendered":"Camastros, silletas, morsetos"},"content":{"rendered":"<h3>Medialuna para camastro doble<\/h3>\n<p><strong>MMLED-1<\/strong><\/p>\n<div style=\"width: 334px\" class=\"wp-caption aligncenter\"><img loading=\"lazy\" title=\"Medialuna Camastro\" src=\"http:\/\/www.morassohermanos.com.ar\/wp-content\/uploads\/2008\/11\/medialCamastroD.jpg\" alt=\"\" width=\"324\" height=\"130\" \/><p class=\"wp-caption-text\">Permite el retiro de ambas cadenas de aisladores de retenci\u00f3n en forma simult\u00e1nea, simplificando la tarea.<\/p><\/div>\n<p><img src=\"http:\/\/www.morassohermanos.com.ar\/wp-content\/uploads\/Camastros-Silletas-Morsetos\/medialCamastroD.jpg\" alt=\"\" \/><\/p>\n<h3>Medialuna para camastro &#8211; Dise\u00f1o est\u00e1ndar<\/h3>\n<p><strong>MML-1<\/strong><\/p>\n<div id=\"attachment_249\" style=\"width: 265px\" class=\"wp-caption aligncenter\"><a href=\"http:\/\/morassohermanos.com.ar\/wp-content\/uploads\/medialunstand.jpg\"><img aria-describedby=\"caption-attachment-249\" loading=\"lazy\" class=\"size-medium wp-image-249\" title=\"medialunstand\" src=\"http:\/\/morassohermanos.com.ar\/wp-content\/uploads\/medialunstand.jpg\" alt=\"\" width=\"255\" height=\"116\" \/><\/a><p id=\"caption-attachment-249\" class=\"wp-caption-text\">Construidas en aleaci\u00f3n de aluminio de alta resistencia, se ofrecen en diferentes medidas, adaptables a todo tipo de camastro.<\/p><\/div>\n<h3>Medialuna para camastro &#8211; Dise\u00f1o especial<a href=\"http:\/\/morassohermanos.com.ar\/wp-content\/uploads\/medialcamastro-conjunto.jpg\"><img loading=\"lazy\" class=\"aligncenter size-medium wp-image-248\" title=\"medialcamastro-conjunto\" src=\"http:\/\/morassohermanos.com.ar\/wp-content\/uploads\/medialcamastro-conjunto-300x154.jpg\" alt=\"\" width=\"300\" height=\"154\" srcset=\"https:\/\/morassohermanos.com.ar\/wp-content\/uploads\/medialcamastro-conjunto-300x154.jpg 300w, https:\/\/morassohermanos.com.ar\/wp-content\/uploads\/medialcamastro-conjunto.jpg 340w\" sizes=\"(max-width: 300px) 100vw, 300px\" \/><\/a><\/h3>\n<p><a href=\"http:\/\/morassohermanos.com.ar\/wp-content\/uploads\/medialunacamastro.jpg\"><img loading=\"lazy\" class=\"aligncenter size-medium wp-image-247\" title=\"medialunacamastro\" src=\"http:\/\/morassohermanos.com.ar\/wp-content\/uploads\/medialunacamastro.jpg\" alt=\"\" width=\"250\" height=\"150\" \/><\/a><strong>MML-2<\/strong><\/p>\n<p><strong><\/strong>Construidas en aleaci\u00f3n de aluminio de alta resistencia, su dise\u00f1o deja libres a los bastones, permitiendo que la cadena de aisladores (vidrio o porcelana), se deslice sin interferencias sobre el camastro, tanto para el retiro como para la colocaci\u00f3n de los aisladores.<br \/>\nLa p\u00e9rtiga central de 2,5 \u201c impide el excesivo pandeo de la cadena, reduci\u00e9ndose as\u00ed la compresi\u00f3n<br \/>\nnecesaria mediante p\u00e9rtiga tensora para el desacople de los aisladores.<br \/>\nEste sistema de herramientas y metodolog\u00eda de trabajo evitan la instalaci\u00f3n de guinche y camastro tipo \u201dJ\u201d, reduciendo significativamente gastos de herramientas y tiempo de trabajo.<\/p>\n<h3>Cabezal para escalera en estructuras Cross Rope<\/h3>\n<p><a href=\"http:\/\/morassohermanos.com.ar\/wp-content\/uploads\/cabezarescaleraencrrope.jpg\"><img loading=\"lazy\" class=\"aligncenter size-medium wp-image-250\" title=\"cabezarescaleraencrrope\" src=\"http:\/\/morassohermanos.com.ar\/wp-content\/uploads\/cabezarescaleraencrrope.jpg\" alt=\"\" width=\"255\" height=\"194\" \/><\/a><strong>MCCR-3<\/strong><\/p>\n<p>Dise\u00f1ado especialmente para este tipo de estructuras, permite colgar y desplazar la escalera sobre el cable auxiliar.<br \/>\nDispone de un sistema de rodadura montado sobre cojinetes y un sistema de bloqueo sobre el cable, que posibilita su fijaci\u00f3n en cualquier punto del recorrido, esto es especialmente \u00fatil cuando se trabaja sobre las fases laterales, en donde la pendiente del cable es mayor.<br \/>\nLa escalera se fija mediante dos cabezales, a un balanc\u00edn que asegura la vertical durante todo el recorrido.<\/p>\n<h3>Ajustadores a volante<\/h3>\n<div id=\"attachment_252\" style=\"width: 202px\" class=\"wp-caption aligncenter\"><a href=\"http:\/\/morassohermanos.com.ar\/wp-content\/uploads\/ajustadoravolante2.gif\"><img aria-describedby=\"caption-attachment-252\" loading=\"lazy\" class=\"size-medium wp-image-252\" title=\"ajustadoravolante2\" src=\"http:\/\/morassohermanos.com.ar\/wp-content\/uploads\/ajustadoravolante2.gif\" alt=\"\" width=\"192\" height=\"114\" \/><\/a><p id=\"caption-attachment-252\" class=\"wp-caption-text\">Muy livianos y adaptables a todo tipo de silletas.<\/p><\/div>\n<p style=\"text-align: center;\"><a href=\"http:\/\/morassohermanos.com.ar\/wp-content\/uploads\/ajustadoravolante.gif\"><img loading=\"lazy\" class=\"aligncenter size-medium wp-image-251\" title=\"ajustadoravolante\" src=\"http:\/\/morassohermanos.com.ar\/wp-content\/uploads\/ajustadoravolante.gif\" alt=\"\" width=\"249\" height=\"204\" \/><\/a><\/p>\n<p><strong>MAV-3<\/strong><\/p>\n<h3>Silletas<\/h3>\n<div id=\"attachment_254\" style=\"width: 251px\" class=\"wp-caption aligncenter\"><a href=\"http:\/\/morassohermanos.com.ar\/wp-content\/uploads\/silletas.gif\"><img aria-describedby=\"caption-attachment-254\" loading=\"lazy\" class=\"size-medium wp-image-254\" title=\"silletas\" src=\"http:\/\/morassohermanos.com.ar\/wp-content\/uploads\/silletas.gif\" alt=\"\" width=\"241\" height=\"164\" \/><\/a><p id=\"caption-attachment-254\" class=\"wp-caption-text\">MSPT-1<\/p><\/div>\n<div id=\"attachment_255\" style=\"width: 221px\" class=\"wp-caption aligncenter\"><a href=\"http:\/\/morassohermanos.com.ar\/wp-content\/uploads\/silleta.gif\"><img aria-describedby=\"caption-attachment-255\" loading=\"lazy\" class=\"size-medium wp-image-255\" title=\"silleta\" src=\"http:\/\/morassohermanos.com.ar\/wp-content\/uploads\/silleta.gif\" alt=\"\" width=\"211\" height=\"176\" \/><\/a><p id=\"caption-attachment-255\" class=\"wp-caption-text\">MSPE-1<\/p><\/div>\n<p>Construido en aleaci\u00f3n de aluminio de alta resistencia, se adptan a todo tipo de estructuras, como as\u00ed tambi\u00e9n a las diferentes tareas para las que son empleadas en trabajos con o sin tensi\u00f3n.<br \/>\nSe ofrecen los modelos est\u00e1ndar o dise\u00f1os y medidas especiales para diferentes funciones.<\/p>\n<div id=\"attachment_257\" style=\"width: 216px\" class=\"wp-caption aligncenter\"><a href=\"http:\/\/morassohermanos.com.ar\/wp-content\/uploads\/morsetoconexion1.jpg\"><img aria-describedby=\"caption-attachment-257\" loading=\"lazy\" class=\"size-medium wp-image-257\" title=\"morsetoconexion1\" src=\"http:\/\/morassohermanos.com.ar\/wp-content\/uploads\/morsetoconexion1.jpg\" alt=\"MPCC-1 \/ Morseto para conexi\u00f3n de conductor a cuello muerto.\" width=\"206\" height=\"134\" \/><\/a><p id=\"caption-attachment-257\" class=\"wp-caption-text\">MPCC-1 \/ Morseto para conexi\u00f3n de conductor a cuello muerto.<\/p><\/div>\n<div id=\"attachment_259\" style=\"width: 178px\" class=\"wp-caption aligncenter\"><a href=\"http:\/\/morassohermanos.com.ar\/wp-content\/uploads\/silletauniversmalacate.gif\"><img aria-describedby=\"caption-attachment-259\" loading=\"lazy\" class=\"size-medium wp-image-259\" title=\"silletauniversmalacate\" src=\"http:\/\/morassohermanos.com.ar\/wp-content\/uploads\/silletauniversmalacate.gif\" alt=\"\" width=\"168\" height=\"205\" \/><\/a><p id=\"caption-attachment-259\" class=\"wp-caption-text\">MSUM-4 \/ Silleta universal para malacate<\/p><\/div>\n<p>Esta silleta se adapta a todo tipo de malacate (con motor a explosi\u00f3n, el\u00e9ctrico o hidr\u00e1ulico), como as\u00ed tambi\u00e9n a todo tipo de estructura (poste madera, hormig\u00f3n, acero tubular, estructuras reticuladas, etc).<\/p>\n<div id=\"attachment_260\" style=\"width: 240px\" class=\"wp-caption aligncenter\"><a href=\"http:\/\/morassohermanos.com.ar\/wp-content\/uploads\/morsetoreparac.jpg\"><img aria-describedby=\"caption-attachment-260\" loading=\"lazy\" class=\"size-medium wp-image-260\" title=\"morsetoreparac\" src=\"http:\/\/morassohermanos.com.ar\/wp-content\/uploads\/morsetoreparac.jpg\" alt=\"MPPR-2 \/ Morseto para reparaci\u00f3n de puentes de retenciones\" width=\"230\" height=\"136\" \/><\/a><p id=\"caption-attachment-260\" class=\"wp-caption-text\">MPPR-2 \/ Morseto para reparaci\u00f3n de puentes de retenciones<\/p><\/div>\n<p>Debido a vibraciones y fatiga, es frecuente la rotura del terminal de compresi\u00f3n del cable del puente que se conecta a la morsa de retenci\u00f3n.<br \/>\nSu dise\u00f1o permite sujetar el manguito comprimido (del terminal da\u00f1ado), mediante un sistema de grapas \u201cU\u201d, y realizar nuevamente la conexi\u00f3n a la morsa de retenci\u00f3n mediante la placa terminal.<br \/>\nDe tal manera se evita el reemplazo del cable<br \/>\ncompleto de conexi\u00f3n del puente, siendo que la tarea puede ser realizada por un solo operario a potencial y en muy poco tiempo, evitando gastos de repuestos y mano de obra.<br \/>\nSe ofrecen en diferentes dimensiones, adaptables a todo tipo de conductores y morseter\u00eda de retenci\u00f3n.<\/p>\n","protected":false},"excerpt":{"rendered":"<p>Medialuna para camastro doble MMLED-1 Medialuna para camastro &#8211; Dise\u00f1o est\u00e1ndar MML-1 Medialuna para camastro &#8211; Dise\u00f1o especial MML-2 Construidas en aleaci\u00f3n de aluminio de alta resistencia, su dise\u00f1o deja libres a los bastones, permitiendo que la cadena de aisladores (vidrio o porcelana), se deslice sin interferencias sobre el camastro, tanto para el retiro como [&hellip;]<\/p>\n","protected":false},"author":1,"featured_media":0,"parent":12,"menu_order":0,"comment_status":"closed","ping_status":"open","template":"","meta":{"_monsterinsights_skip_tracking":false,"_monsterinsights_sitenote_active":false,"_monsterinsights_sitenote_note":"","_monsterinsights_sitenote_category":0},"_links":{"self":[{"href":"https:\/\/morassohermanos.com.ar\/index.php?rest_route=\/wp\/v2\/pages\/19"}],"collection":[{"href":"https:\/\/morassohermanos.com.ar\/index.php?rest_route=\/wp\/v2\/pages"}],"about":[{"href":"https:\/\/morassohermanos.com.ar\/index.php?rest_route=\/wp\/v2\/types\/page"}],"author":[{"embeddable":true,"href":"https:\/\/morassohermanos.com.ar\/index.php?rest_route=\/wp\/v2\/users\/1"}],"replies":[{"embeddable":true,"href":"https:\/\/morassohermanos.com.ar\/index.php?rest_route=%2Fwp%2Fv2%2Fcomments&post=19"}],"version-history":[{"count":7,"href":"https:\/\/morassohermanos.com.ar\/index.php?rest_route=\/wp\/v2\/pages\/19\/revisions"}],"predecessor-version":[{"id":241,"href":"https:\/\/morassohermanos.com.ar\/index.php?rest_route=\/wp\/v2\/pages\/19\/revisions\/241"}],"up":[{"embeddable":true,"href":"https:\/\/morassohermanos.com.ar\/index.php?rest_route=\/wp\/v2\/pages\/12"}],"wp:attachment":[{"href":"https:\/\/morassohermanos.com.ar\/index.php?rest_route=%2Fwp%2Fv2%2Fmedia&parent=19"}],"curies":[{"name":"wp","href":"https:\/\/api.w.org\/{rel}","templated":true}]}}