{"id":2,"date":"2008-06-17T08:45:59","date_gmt":"2008-06-17T11:45:59","guid":{"rendered":"http:\/\/morassohnos.com.ar\/?page_id=2"},"modified":"2008-11-22T09:39:35","modified_gmt":"2008-11-22T12:39:35","slug":"about","status":"publish","type":"page","link":"https:\/\/morassohermanos.com.ar\/?page_id=2","title":{"rendered":"Nosotros"},"content":{"rendered":"<p><a href=\"http:\/\/morassohermanos.com.ar\/wp-content\/uploads\/2008\/06\/congreso-cittes-2005-034.jpg\"><img loading=\"lazy\" class=\"aligncenter size-medium wp-image-5\" title=\"congreso-cittes-2005\" src=\"http:\/\/morassohermanos.com.ar\/wp-content\/uploads\/2008\/06\/congreso-cittes-2005-034-300x194.jpg\" alt=\"\" width=\"300\" height=\"194\" srcset=\"https:\/\/morassohermanos.com.ar\/wp-content\/uploads\/2008\/06\/congreso-cittes-2005-034-300x194.jpg 300w, https:\/\/morassohermanos.com.ar\/wp-content\/uploads\/2008\/06\/congreso-cittes-2005-034.jpg 567w\" sizes=\"(max-width: 300px) 100vw, 300px\" \/><\/a><\/p>\n<p>Somos una empresa metal\u00fargica que inici\u00f3 sus actividades en el a\u00f1o 1997 bajo el nombre de <strong><em>Salvador Morasso y Gustavo Morasso SH<\/em><\/strong> en la ciudad de Villa Gobernador G\u00e1lvez, cerca de la ciudad de Rosario, Provincia de Santa F\u00e9.<\/p>\n<p>Hemos logrado posicionarnos exitosamente en dos sectores dis\u00edmiles de la industria. En uno de ellos, dise\u00f1amos y desarrollamos dispositivos y accesorios para el mantenimiento de l\u00edneas el\u00e9ctricas desde las de muy alta a las de baja tensi\u00f3n y equipos para mantenimiento de l\u00edneas vivas. En otra rama, brindamos un servicio de mantenimiento, dise\u00f1o y desarrollo de m\u00e1quinas, equipos y herramientas para las industrias frigor\u00edfica y sider\u00fargica, entre otras.<\/p>\n<p>Nuestro activo m\u00e1s importante es en el equipo humano. Gracias a \u00e9l\u00a0 Morasso Hnos. se destaca en el mercado por su capacidad, versatilidad y dinamismo para encontrar la mejor soluci\u00f3n t\u00e9cnica ante las necesidades de un cliente. Desarrollamos un dise\u00f1o orientado a la innovaci\u00f3n y la confiabilidad, ya sea que se trate de nuestras L\u00edneas Standard o de Piezas Especiales.<\/p>\n<p>Nuestra meta es participar de la cadena productiva de su empresa como un proveedor competitivo en t\u00e9rminos de calidad y precio.<\/p>\n<p>Actualmente, los productos que hacemos para el mercado el\u00e9ctrico est\u00e1n siendo utilizados por las principales empresas de Energ\u00eda El\u00e9ctrica del pa\u00eds y Latinoam\u00e9rica. En lo referente al servicio de mantenimiento para grandes industrias, tenemos una vasta experiencia en la atenci\u00f3n de clientes de primer nivel nacional e internacional.<\/p>\n<p><span style=\"color: #696969;\"><strong>Herramientas para Trabajo con Tensi\u00f3n.<\/strong><\/span><br \/>\n<object classid=\"clsid:d27cdb6e-ae6d-11cf-96b8-444553540000\" width=\"481\" height=\"402\" codebase=\"http:\/\/download.macromedia.com\/pub\/shockwave\/cabs\/flash\/swflash.cab#version=6,0,40,0\"><param name=\"id\" value=\"player\" \/><param name=\"allowfullscreen\" value=\"true\" \/><param name=\"allowScriptAccess\" value=\"always\" \/><param name=\"src\" value=\"http:\/\/www.authorstream.com\/player.swf?p=111135_633628865428545000\" \/><embed id=\"player\" type=\"application\/x-shockwave-flash\" width=\"481\" height=\"402\" src=\"http:\/\/www.authorstream.com\/player.swf?p=111135_633628865428545000\" allowscriptaccess=\"always\" allowfullscreen=\"true\"><\/embed><\/object><\/p>\n<p><strong><span style=\"color: #696969;\">Descargar presentaci\u00f3n<\/span><\/strong><br \/>\n<a href=\"http:\/\/www.morassohermanos.com.ar\/wp-content\/uploads\/presentaciones\/PresFinalTCT.pps\"><span style=\"font-size: 10pt\"><span style=\"color: #696969;\"><span style=\"font-family: Trebuchet ms;\"> Sobre nuestros productos para el mercado el\u00e9ctrico<\/span><\/span><\/span><\/a><span style=\"color: #696969;\"> (<span style=\"color: #ff0000;\">incluye audio<\/span>)<\/span><br \/>\n<span style=\"color: #696969;\">[formato .pps: 9 MB] [<a href=\"http:\/\/www.morassohermanos.com.ar\/wp-content\/uploads\/presentaciones\/PresFinalTCT.rar\">comprimido, formato .rar: 6,5MB<\/a>]<br \/>\n<\/span><br \/>\n<span style=\"color: #696969;\"><br \/>\n<strong>Mantenimiento y fabricaci\u00f3n de grandes equipos.<\/strong><\/span><br \/>\n<object classid=\"clsid:d27cdb6e-ae6d-11cf-96b8-444553540000\" width=\"481\" height=\"402\" codebase=\"http:\/\/download.macromedia.com\/pub\/shockwave\/cabs\/flash\/swflash.cab#version=6,0,40,0\"><param name=\"id\" value=\"player\" \/><param name=\"allowfullscreen\" value=\"true\" \/><param name=\"allowScriptAccess\" value=\"always\" \/><param name=\"src\" value=\"http:\/\/www.authorstream.com\/player.swf?p=110578_633628111527295000\" \/><embed id=\"player\" type=\"application\/x-shockwave-flash\" width=\"481\" height=\"402\" src=\"http:\/\/www.authorstream.com\/player.swf?p=110578_633628111527295000\" allowscriptaccess=\"always\" allowfullscreen=\"true\"><\/embed><\/object><\/p>\n<p><strong><span style=\"color: #696969;\">Descargar presentaci\u00f3n<\/span><\/strong><br \/>\n<a href=\"http:\/\/www.morassohermanos.com.ar\/wp-content\/uploads\/presentaciones\/MorassoMetalmecanica.pps\"><span style=\"font-size: 10pt\"><span style=\"color: #696969;\"><span style=\"font-family: Trebuchet ms;\"> Sobre nuestro servicio de mantenimiento y fabricaci\u00f3n de grandes equipos<\/span><\/span><\/span><\/a><br \/>\n<span style=\"color: #696969;\">(<span style=\"color: #ff0000;\">incluye audio<\/span>)<\/span><span style=\"color: #696969;\"> [formato .pps: 8.366 KB] [<a href=\"http:\/\/www.morassohermanos.com.ar\/wp-content\/uploads\/presentaciones\/MorassoMetalmecanica.rar\">comprimido, formato .rar: 5.863 KB<\/a>]<br \/>\n<\/span><\/p>\n<p><span style=\"font-size: 9pt\"><span style=\"color: #000090;\"><span style=\"font-family: Trebuchet ms;\"><span style=\"color: #696969;\">Foto: Ensayo durante el Congreso CITTES 2005.<\/span><\/span><\/span><\/span><\/p>\n","protected":false},"excerpt":{"rendered":"<p>Somos una empresa metal\u00fargica que inici\u00f3 sus actividades en el a\u00f1o 1997 bajo el nombre de Salvador Morasso y Gustavo Morasso SH en la ciudad de Villa Gobernador G\u00e1lvez, cerca de la ciudad de Rosario, Provincia de Santa F\u00e9. Hemos logrado posicionarnos exitosamente en dos sectores dis\u00edmiles de la industria. En uno de ellos, dise\u00f1amos [&hellip;]<\/p>\n","protected":false},"author":1,"featured_media":0,"parent":0,"menu_order":0,"comment_status":"open","ping_status":"open","template":"","meta":{"_monsterinsights_skip_tracking":false,"_monsterinsights_sitenote_active":false,"_monsterinsights_sitenote_note":"","_monsterinsights_sitenote_category":0},"_links":{"self":[{"href":"https:\/\/morassohermanos.com.ar\/index.php?rest_route=\/wp\/v2\/pages\/2"}],"collection":[{"href":"https:\/\/morassohermanos.com.ar\/index.php?rest_route=\/wp\/v2\/pages"}],"about":[{"href":"https:\/\/morassohermanos.com.ar\/index.php?rest_route=\/wp\/v2\/types\/page"}],"author":[{"embeddable":true,"href":"https:\/\/morassohermanos.com.ar\/index.php?rest_route=\/wp\/v2\/users\/1"}],"replies":[{"embeddable":true,"href":"https:\/\/morassohermanos.com.ar\/index.php?rest_route=%2Fwp%2Fv2%2Fcomments&post=2"}],"version-history":[{"count":11,"href":"https:\/\/morassohermanos.com.ar\/index.php?rest_route=\/wp\/v2\/pages\/2\/revisions"}],"predecessor-version":[{"id":311,"href":"https:\/\/morassohermanos.com.ar\/index.php?rest_route=\/wp\/v2\/pages\/2\/revisions\/311"}],"wp:attachment":[{"href":"https:\/\/morassohermanos.com.ar\/index.php?rest_route=%2Fwp%2Fv2%2Fmedia&parent=2"}],"curies":[{"name":"wp","href":"https:\/\/api.w.org\/{rel}","templated":true}]}}