{"id":22,"date":"2008-06-23T15:25:54","date_gmt":"2008-06-23T18:25:54","guid":{"rendered":"http:\/\/morassohermanos.com.ar\/?page_id=22"},"modified":"2008-11-20T09:17:14","modified_gmt":"2008-11-20T12:17:14","slug":"carritos-y-plataformas","status":"publish","type":"page","link":"https:\/\/morassohermanos.com.ar\/?page_id=22","title":{"rendered":"Carritos y Plataformas"},"content":{"rendered":"<p><strong><span style=\"font-size: 12pt; font-family: Trebuchet MS; color: #339999;\">para fases de conductores m\u00faltiples<\/span><\/strong><\/p>\n<p>El dise\u00f1o, adem\u00e1s de buenas prestaciones, contempla alta resistencia y bajo peso, lo que facilita el transporte y la instalaci\u00f3n.<\/p>\n<p>La variedad de modelos cubre una alta gama de posibilidades, como por ejemplo pasar de un vano a otro a trav\u00e9s de las torres de suspensi\u00f3n, mediante una simple y r\u00e1pida maniobra y sin necesidad de que el operario salga del carrito.<\/p>\n<p>Con capacidad para uno o dos operarios, plegables (para casos en que el transporte as\u00ed lo requiera), con o sin malacate manual para izaje de herramientas o repuestos; ultralivianos (totalmente construidos en aluminio), etc.<\/p>\n<p>En caso de utilizarse para montaje o recambio de espaciadores se proveen con soportes especiales para los mismos, como as\u00ed tambi\u00e9n para las varillas.<br \/>\npreformadas.<\/p>\n<p><a href=\"http:\/\/morassohermanos.com.ar\/wp-content\/uploads\/carrito1.jpg\"><img loading=\"lazy\" class=\"aligncenter size-medium wp-image-268\" title=\"carrito1\" src=\"http:\/\/morassohermanos.com.ar\/wp-content\/uploads\/carrito1.jpg\" alt=\"\" width=\"284\" height=\"193\" \/><\/a><\/p>\n<p><a href=\"http:\/\/morassohermanos.com.ar\/wp-content\/uploads\/carrito2.jpg\"><img loading=\"lazy\" class=\"aligncenter size-medium wp-image-269\" title=\"carrito2\" src=\"http:\/\/morassohermanos.com.ar\/wp-content\/uploads\/carrito2.jpg\" alt=\"\" width=\"284\" height=\"190\" \/><\/a><\/p>\n<p><a href=\"http:\/\/morassohermanos.com.ar\/wp-content\/uploads\/carrito3.jpg\"><img loading=\"lazy\" class=\"aligncenter size-medium wp-image-270\" title=\"carrito3\" src=\"http:\/\/morassohermanos.com.ar\/wp-content\/uploads\/carrito3.jpg\" alt=\"\" width=\"284\" height=\"179\" \/><\/a><\/p>\n<p>Carritos para uno o dos operarios, apto para pasar de un vano al otro, a trav\u00e9s de las torres de suspensi\u00f3n.<\/p>\n<p>Sus dimensiones permiten instalar las varillas preformadas de los separadores, sin que el operario deba desplazarse del carro.<\/p>\n<div id=\"attachment_271\" style=\"width: 294px\" class=\"wp-caption aligncenter\"><a href=\"http:\/\/morassohermanos.com.ar\/wp-content\/uploads\/carrirosolo1.jpg\"><img aria-describedby=\"caption-attachment-271\" loading=\"lazy\" class=\"size-medium wp-image-271\" title=\"carrirosolo1\" src=\"http:\/\/morassohermanos.com.ar\/wp-content\/uploads\/carrirosolo1.jpg\" alt=\"\" width=\"284\" height=\"184\" \/><\/a><p id=\"caption-attachment-271\" class=\"wp-caption-text\">Menor altura para fase central en estructuras con distancias el\u00e9ctricas de seguridad comprometidas.<\/p><\/div>\n<p>Carritos para uno o dos operarios, apto para pasar de un vano al otro, a trav\u00e9s de las torres de suspensi\u00f3n.<\/p>\n<div id=\"attachment_272\" style=\"width: 236px\" class=\"wp-caption aligncenter\"><a href=\"http:\/\/morassohermanos.com.ar\/wp-content\/uploads\/carrisolo2.jpg\"><img aria-describedby=\"caption-attachment-272\" loading=\"lazy\" class=\"size-medium wp-image-272\" title=\"carrisolo2\" src=\"http:\/\/morassohermanos.com.ar\/wp-content\/uploads\/carrisolo2.jpg\" alt=\"\" width=\"226\" height=\"199\" \/><\/a><p id=\"caption-attachment-272\" class=\"wp-caption-text\">Sistemas de columnas rebatibles que permiten salvar aros ecualizadores.<\/p><\/div>\n<h3>Carrito plegable para dos operarios<\/h3>\n<p><a href=\"http:\/\/morassohermanos.com.ar\/wp-content\/uploads\/carrplegable.jpg\"><img loading=\"lazy\" class=\"alignright size-medium wp-image-277\" title=\"carrplegable\" src=\"http:\/\/morassohermanos.com.ar\/wp-content\/uploads\/carrplegable.jpg\" alt=\"\" width=\"284\" height=\"117\" \/><\/a><\/p>\n<p>Construido con ca\u00f1o tubular y chapa de aluminio. Apto para trabajos en l\u00edneas con haz de conductores cu\u00e1druples.<\/p>\n<p><a href=\"http:\/\/morassohermanos.com.ar\/wp-content\/uploads\/carrplegable2.jpg\"><img loading=\"lazy\" class=\"aligncenter size-medium wp-image-278\" title=\"carrplegable2\" src=\"http:\/\/morassohermanos.com.ar\/wp-content\/uploads\/carrplegable2.jpg\" alt=\"\" width=\"226\" height=\"228\" srcset=\"https:\/\/morassohermanos.com.ar\/wp-content\/uploads\/carrplegable2.jpg 226w, https:\/\/morassohermanos.com.ar\/wp-content\/uploads\/carrplegable2-150x150.jpg 150w\" sizes=\"(max-width: 226px) 100vw, 226px\" \/><\/a><\/p>\n<h3>Malacate MMAC-1<\/h3>\n<p><a href=\"http:\/\/morassohermanos.com.ar\/wp-content\/uploads\/malacate.jpg\"><img loading=\"lazy\" class=\"aligncenter size-medium wp-image-279\" title=\"malacate\" src=\"http:\/\/morassohermanos.com.ar\/wp-content\/uploads\/malacate.jpg\" alt=\"\" width=\"142\" height=\"177\" \/><\/a><\/p>\n<p>Adaptable a todos los modelos de carritos y plataformas para izaje de herramientas o repuestos.<br \/>\nCapacidad de carga: 25 kg<\/p>\n<h3>Plataforma sin andamio<\/h3>\n<p><a href=\"http:\/\/morassohermanos.com.ar\/wp-content\/uploads\/platafsinandamio.jpg\"><img loading=\"lazy\" class=\"aligncenter size-medium wp-image-280\" title=\"platafsinandamio\" src=\"http:\/\/morassohermanos.com.ar\/wp-content\/uploads\/platafsinandamio.jpg\" alt=\"\" width=\"284\" height=\"213\" \/><\/a><\/p>\n<p>Construidas con estructura tubular, piso de aluminio, sistema de sujeci\u00f3n a los conductores con pernos de traba autom\u00e1tica.<\/p>\n<h3>Carrito ultraliviano<\/h3>\n<p><a href=\"http:\/\/morassohermanos.com.ar\/wp-content\/uploads\/carrultraliviano.jpg\"><img loading=\"lazy\" class=\"aligncenter size-medium wp-image-281\" title=\"carrultraliviano\" src=\"http:\/\/morassohermanos.com.ar\/wp-content\/uploads\/carrultraliviano.jpg\" alt=\"\" width=\"170\" height=\"227\" \/><\/a><\/p>\n<p>Construido totalmente en aluminio, con sistema de freno, malacate y cuatro ruedas auxiliares rebatibles con<br \/>\nposici\u00f3n variable.<\/p>\n<p>Apto para trabajos en l\u00edneas con haz de conductores dobles o cu\u00e1druples.<\/p>\n<h3>MHIC-3<\/h3>\n<div id=\"attachment_282\" style=\"width: 229px\" class=\"wp-caption aligncenter\"><a href=\"http:\/\/morassohermanos.com.ar\/wp-content\/uploads\/izaje.jpg\"><img aria-describedby=\"caption-attachment-282\" loading=\"lazy\" class=\"size-medium wp-image-282\" title=\"izaje\" src=\"http:\/\/morassohermanos.com.ar\/wp-content\/uploads\/izaje.jpg\" alt=\"\" width=\"219\" height=\"126\" \/><\/a><p id=\"caption-attachment-282\" class=\"wp-caption-text\">Dispositivo de izaje de carrito y plataforma.<\/p><\/div>\n<div id=\"attachment_283\" style=\"width: 294px\" class=\"wp-caption aligncenter\"><a href=\"http:\/\/morassohermanos.com.ar\/wp-content\/uploads\/platafandamio.jpg\"><img aria-describedby=\"caption-attachment-283\" loading=\"lazy\" class=\"size-medium wp-image-283\" title=\"platafandamio\" src=\"http:\/\/morassohermanos.com.ar\/wp-content\/uploads\/platafandamio.jpg\" alt=\"\" width=\"284\" height=\"213\" \/><\/a><p id=\"caption-attachment-283\" class=\"wp-caption-text\">Plataforma con andamio<\/p><\/div>\n","protected":false},"excerpt":{"rendered":"<p>para fases de conductores m\u00faltiples El dise\u00f1o, adem\u00e1s de buenas prestaciones, contempla alta resistencia y bajo peso, lo que facilita el transporte y la instalaci\u00f3n. La variedad de modelos cubre una alta gama de posibilidades, como por ejemplo pasar de un vano a otro a trav\u00e9s de las torres de suspensi\u00f3n, mediante una simple y [&hellip;]<\/p>\n","protected":false},"author":1,"featured_media":0,"parent":12,"menu_order":0,"comment_status":"closed","ping_status":"open","template":"","meta":{"_monsterinsights_skip_tracking":false,"_monsterinsights_sitenote_active":false,"_monsterinsights_sitenote_note":"","_monsterinsights_sitenote_category":0},"_links":{"self":[{"href":"https:\/\/morassohermanos.com.ar\/index.php?rest_route=\/wp\/v2\/pages\/22"}],"collection":[{"href":"https:\/\/morassohermanos.com.ar\/index.php?rest_route=\/wp\/v2\/pages"}],"about":[{"href":"https:\/\/morassohermanos.com.ar\/index.php?rest_route=\/wp\/v2\/types\/page"}],"author":[{"embeddable":true,"href":"https:\/\/morassohermanos.com.ar\/index.php?rest_route=\/wp\/v2\/users\/1"}],"replies":[{"embeddable":true,"href":"https:\/\/morassohermanos.com.ar\/index.php?rest_route=%2Fwp%2Fv2%2Fcomments&post=22"}],"version-history":[{"count":11,"href":"https:\/\/morassohermanos.com.ar\/index.php?rest_route=\/wp\/v2\/pages\/22\/revisions"}],"predecessor-version":[{"id":266,"href":"https:\/\/morassohermanos.com.ar\/index.php?rest_route=\/wp\/v2\/pages\/22\/revisions\/266"}],"up":[{"embeddable":true,"href":"https:\/\/morassohermanos.com.ar\/index.php?rest_route=\/wp\/v2\/pages\/12"}],"wp:attachment":[{"href":"https:\/\/morassohermanos.com.ar\/index.php?rest_route=%2Fwp%2Fv2%2Fmedia&parent=22"}],"curies":[{"name":"wp","href":"https:\/\/api.w.org\/{rel}","templated":true}]}}