{"id":24,"date":"2008-06-23T15:29:21","date_gmt":"2008-06-23T18:29:21","guid":{"rendered":"http:\/\/morassohermanos.com.ar\/?page_id=24"},"modified":"2008-11-20T19:21:11","modified_gmt":"2008-11-20T22:21:11","slug":"pastecas-y-roldanas","status":"publish","type":"page","link":"https:\/\/morassohermanos.com.ar\/?page_id=24","title":{"rendered":"Pastecas y Roldanas"},"content":{"rendered":"<div id=\"attachment_301\" style=\"width: 237px\" class=\"wp-caption aligncenter\"><a href=\"http:\/\/morassohermanos.com.ar\/wp-content\/uploads\/mp450.jpg\"><img aria-describedby=\"caption-attachment-301\" loading=\"lazy\" class=\"size-medium wp-image-301\" title=\"mp450\" src=\"http:\/\/morassohermanos.com.ar\/wp-content\/uploads\/mp450.jpg\" alt=\"Pasteca MP-450\" width=\"227\" height=\"111\" \/><\/a><p id=\"caption-attachment-301\" class=\"wp-caption-text\">Pasteca MP-450<\/p><\/div>\n<p><strong>Datos t\u00e9cnicos:<\/strong> Carga m\u00e1xima de trabajo en el gancho: 450 kgs<br \/>\nCoeficiente de seguridad: 3<br \/>\nCarga m\u00e1xima de izaje: 225 kgs<br \/>\nDi\u00e1metro m\u00e1ximo de la soga: 16 mm<br \/>\nGiro libre 360\u00ba, cierre de seguridad.<br \/>\nCupla de rozamiento con carga nominal<br \/>\nmenor a 0, 135 kgm.<br \/>\nPeso: 1, 000 kgs<br \/>\nSe provee con roldanas de aluminio, acero o pl\u00e1stico de alta resistencia.<\/p>\n<div id=\"attachment_303\" style=\"width: 293px\" class=\"wp-caption aligncenter\"><a href=\"http:\/\/morassohermanos.com.ar\/wp-content\/uploads\/mp1000.jpg\"><img aria-describedby=\"caption-attachment-303\" loading=\"lazy\" class=\"size-medium wp-image-303\" title=\"mp1000\" src=\"http:\/\/morassohermanos.com.ar\/wp-content\/uploads\/mp1000.jpg\" alt=\"Pasteca MP-1000\" width=\"283\" height=\"116\" \/><\/a><p id=\"caption-attachment-303\" class=\"wp-caption-text\">Pasteca MP-1000<\/p><\/div>\n<p><strong>Datos t\u00e9cnicos:<\/strong> Carga m\u00e1xima de trabajo en el gancho: 1000 kgs<br \/>\nCoeficiente de seguridad: 3<br \/>\nCarga m\u00e1xima de izaje: 500 kgs<br \/>\nDi\u00e1metro m\u00e1ximo de la soga: 19 mm<br \/>\nGiro libre 360\u00ba, cierre de seguridad.<br \/>\nCupla de rozamiento con carga nominal<br \/>\nmenor a 0, 135 kgm.<br \/>\nPeso: 2, 300 kgs<br \/>\nSe provee con roldanas de aluminio, acero o pl\u00e1stico de alta resistencia.<\/p>\n<div id=\"attachment_304\" style=\"width: 161px\" class=\"wp-caption aligncenter\"><a href=\"http:\/\/morassohermanos.com.ar\/wp-content\/uploads\/mcpcr.jpg\"><img aria-describedby=\"caption-attachment-304\" loading=\"lazy\" class=\"size-medium wp-image-304\" title=\"mcpcr\" src=\"http:\/\/morassohermanos.com.ar\/wp-content\/uploads\/mcpcr-151x300.jpg\" alt=\"Cabezal con pasteca parta estructuras Cross Rope MCP-CR\" width=\"151\" height=\"300\" \/><\/a><p id=\"caption-attachment-304\" class=\"wp-caption-text\">Cabezal con pasteca para estructuras Cross Rope MCP-CR<\/p><\/div>\n<p>Especialmente dise\u00f1ado para instalar y desplazar la pasteca en este tipo de estructuras sobre cable auxiliar.<br \/>\nSistema de rodadura con cojinetes y dispositivo de bloqueo que permite su fijaci\u00e7on en cualquier punto del cable, aun en las zonas de mayor pendiente.<br \/>\nLa pasteca es de similares caracter\u00edsticas al modelo P-450.<\/p>\n<div id=\"attachment_306\" style=\"width: 250px\" class=\"wp-caption aligncenter\"><a href=\"http:\/\/morassohermanos.com.ar\/wp-content\/uploads\/mcdr.jpg\"><img aria-describedby=\"caption-attachment-306\" loading=\"lazy\" class=\"size-medium wp-image-306\" title=\"mcdr\" src=\"http:\/\/morassohermanos.com.ar\/wp-content\/uploads\/mcdr.jpg\" alt=\"Cama de rodillo MCDR\" width=\"240\" height=\"151\" \/><\/a><p id=\"caption-attachment-306\" class=\"wp-caption-text\">Cama de rodillo MCDR<\/p><\/div>\n<p>Permite su instalaci\u00f3n en sitios con poco espacio, en los cuales no es posible el montaje de una roldana, manteniendo el di\u00e1metro necesario para evitar el quiebre del conductor.<\/p>\n<p>Se provee para tendido de conductores y cables de fibra \u00f3ptica.<\/p>\n<div id=\"attachment_307\" style=\"width: 193px\" class=\"wp-caption aligncenter\"><a href=\"http:\/\/morassohermanos.com.ar\/wp-content\/uploads\/roldanamrpt.jpg\"><img aria-describedby=\"caption-attachment-307\" loading=\"lazy\" class=\"size-medium wp-image-307\" title=\"roldanamrpt\" src=\"http:\/\/morassohermanos.com.ar\/wp-content\/uploads\/roldanamrpt.jpg\" alt=\"Roldana para tendido MRPT\" width=\"183\" height=\"200\" \/><\/a><p id=\"caption-attachment-307\" class=\"wp-caption-text\">Roldana para tendido MRPT<\/p><\/div>\n<p>Construida en aluminio, especialmente apta para tendido de conductores y cables de fibra \u00f3ptica.<br \/>\nF\u00e1cil sistema de enganche a la estructura (puede adaptarse seg\u00fan necesidad del cliente).<br \/>\nSe ofrece en diferentes di\u00e1metros y capacidad de garganta.<\/p>\n<div id=\"attachment_308\" style=\"width: 180px\" class=\"wp-caption aligncenter\"><a href=\"http:\/\/morassohermanos.com.ar\/wp-content\/uploads\/mpl2.jpg\"><img aria-describedby=\"caption-attachment-308\" loading=\"lazy\" class=\"size-medium wp-image-308\" title=\"mpl2\" src=\"http:\/\/morassohermanos.com.ar\/wp-content\/uploads\/mpl2.jpg\" alt=\"Pasteca especial para entrar a potencial MPL2\" width=\"170\" height=\"204\" \/><\/a><p id=\"caption-attachment-308\" class=\"wp-caption-text\">Pasteca especial para entrar a potencial MPL2<\/p><\/div>\n<p>Especialmente dise\u00f1ada para colocar un operario a potencial mediante la utilizaci\u00f3n de una soga, su sistema permite una sencilla y segura maniobra<br \/>\nde montaje.<\/p>\n","protected":false},"excerpt":{"rendered":"<p>Datos t\u00e9cnicos: Carga m\u00e1xima de trabajo en el gancho: 450 kgs Coeficiente de seguridad: 3 Carga m\u00e1xima de izaje: 225 kgs Di\u00e1metro m\u00e1ximo de la soga: 16 mm Giro libre 360\u00ba, cierre de seguridad. Cupla de rozamiento con carga nominal menor a 0, 135 kgm. Peso: 1, 000 kgs Se provee con roldanas de aluminio, [&hellip;]<\/p>\n","protected":false},"author":1,"featured_media":0,"parent":12,"menu_order":0,"comment_status":"closed","ping_status":"open","template":"","meta":{"_monsterinsights_skip_tracking":false,"_monsterinsights_sitenote_active":false,"_monsterinsights_sitenote_note":"","_monsterinsights_sitenote_category":0},"_links":{"self":[{"href":"https:\/\/morassohermanos.com.ar\/index.php?rest_route=\/wp\/v2\/pages\/24"}],"collection":[{"href":"https:\/\/morassohermanos.com.ar\/index.php?rest_route=\/wp\/v2\/pages"}],"about":[{"href":"https:\/\/morassohermanos.com.ar\/index.php?rest_route=\/wp\/v2\/types\/page"}],"author":[{"embeddable":true,"href":"https:\/\/morassohermanos.com.ar\/index.php?rest_route=\/wp\/v2\/users\/1"}],"replies":[{"embeddable":true,"href":"https:\/\/morassohermanos.com.ar\/index.php?rest_route=%2Fwp%2Fv2%2Fcomments&post=24"}],"version-history":[{"count":4,"href":"https:\/\/morassohermanos.com.ar\/index.php?rest_route=\/wp\/v2\/pages\/24\/revisions"}],"predecessor-version":[{"id":302,"href":"https:\/\/morassohermanos.com.ar\/index.php?rest_route=\/wp\/v2\/pages\/24\/revisions\/302"}],"up":[{"embeddable":true,"href":"https:\/\/morassohermanos.com.ar\/index.php?rest_route=\/wp\/v2\/pages\/12"}],"wp:attachment":[{"href":"https:\/\/morassohermanos.com.ar\/index.php?rest_route=%2Fwp%2Fv2%2Fmedia&parent=24"}],"curies":[{"name":"wp","href":"https:\/\/api.w.org\/{rel}","templated":true}]}}