{"id":25,"date":"2008-06-23T15:28:32","date_gmt":"2008-06-23T18:28:32","guid":{"rendered":"http:\/\/morassohermanos.com.ar\/?page_id=25"},"modified":"2008-12-01T13:16:58","modified_gmt":"2008-12-01T16:16:58","slug":"accesorios-y-herramientas-universales","status":"publish","type":"page","link":"https:\/\/morassohermanos.com.ar\/?page_id=25","title":{"rendered":"Accesorios y Herramientas universales"},"content":{"rendered":"<h3>Medidor de corriente de fuga<\/h3>\n<p><a href=\"http:\/\/morassohermanos.com.ar\/wp-content\/uploads\/medidorctefuga.jpg\"><img loading=\"lazy\" class=\"alignleft size-medium wp-image-328\" title=\"medidorctefuga\" src=\"http:\/\/morassohermanos.com.ar\/wp-content\/uploads\/medidorctefuga.jpg\" alt=\"\" width=\"255\" height=\"156\" \/><\/a>Apto para mediciones de corriente de fuga en escaleras. Consta de un microamper\u00edmetro con escala hasta 200 mA. Cable coaxil para conexi\u00f3n a escalera. Su circuito permite testear el correcto funcionamiento del instrumento y estado de las bater\u00edas.<\/p>\n<h3>MSA<\/h3>\n<div id=\"attachment_330\" style=\"width: 152px\" class=\"wp-caption alignleft\"><a href=\"http:\/\/morassohermanos.com.ar\/wp-content\/uploads\/seguro.jpg\"><img aria-describedby=\"caption-attachment-330\" loading=\"lazy\" class=\"size-medium wp-image-330\" title=\"seguro\" src=\"http:\/\/morassohermanos.com.ar\/wp-content\/uploads\/seguro.jpg\" alt=\"Seguro\" width=\"142\" height=\"87\" \/><\/a><p id=\"caption-attachment-330\" class=\"wp-caption-text\">Seguro<\/p><\/div>\n<h3>Conversor 12VCC\/220VCA<\/h3>\n<p><a href=\"http:\/\/morassohermanos.com.ar\/wp-content\/uploads\/conversocte.jpg\"><img loading=\"lazy\" class=\"alignleft size-medium wp-image-331\" title=\"conversocte\" src=\"http:\/\/morassohermanos.com.ar\/wp-content\/uploads\/conversocte.jpg\" alt=\"\" width=\"255\" height=\"191\" \/><\/a>Extremadamente pr\u00e1ctico. Permite conectar el equipo probador de aislaci\u00f3n a fin de verificar el estado de las p\u00e9rtigas y de las sogas en la zona de trabajo, evitando el transporte y uso de un grupo electr\u00f3geno.<\/p>\n<h3>MAA-01<\/h3>\n<p><a href=\"http:\/\/morassohermanos.com.ar\/wp-content\/uploads\/abrazadera.jpg\"><img loading=\"lazy\" class=\"alignleft size-medium wp-image-333\" title=\"abrazadera\" src=\"http:\/\/morassohermanos.com.ar\/wp-content\/uploads\/abrazadera.jpg\" alt=\"\" width=\"255\" height=\"166\" \/><\/a>Abrazadera regulable para aisladores, con adaptador para p\u00e9rtiga universal.<\/p>\n<h3>Cabezales para p\u00e9rtigas MCPP<\/h3>\n<p><a href=\"http:\/\/morassohermanos.com.ar\/wp-content\/uploads\/cabpertigas.jpg\"><img loading=\"lazy\" class=\"alignleft size-medium wp-image-334\" title=\"cabpertigas\" src=\"http:\/\/morassohermanos.com.ar\/wp-content\/uploads\/cabpertigas.jpg\" alt=\"\" width=\"198\" height=\"135\" \/><\/a>Construidos en aleaci\u00f3n de aluminio de alta resistencia o en aleaci\u00f3n de bronce, se adaptan a diferentes di\u00e1metros de p\u00e9rtigas. La calidad de los materiales empleados y su proceso de fabricaci\u00f3n le confieren eficacia en la funci\u00f3n a cumplir y gran durabilidad.<br \/>\nSe dise\u00f1an y construyen cabezales a medida seg\u00fan las necesidades del cliente.<\/p>\n<h3>MPA 1-2<\/h3>\n<div id=\"attachment_335\" style=\"width: 180px\" class=\"wp-caption alignleft\"><a href=\"http:\/\/morassohermanos.com.ar\/wp-content\/uploads\/perno.jpg\"><img aria-describedby=\"caption-attachment-335\" loading=\"lazy\" class=\"size-medium wp-image-335\" title=\"perno\" src=\"http:\/\/morassohermanos.com.ar\/wp-content\/uploads\/perno.jpg\" alt=\"Perno con seguro\" width=\"170\" height=\"93\" \/><\/a><p id=\"caption-attachment-335\" class=\"wp-caption-text\">Perno con seguro<\/p><\/div>\n<h3>Cabezal giratorio MCPG-2-3<\/h3>\n<p><a href=\"http:\/\/morassohermanos.com.ar\/wp-content\/uploads\/cabgiratorio.jpg\"><img loading=\"lazy\" class=\"size-medium wp-image-336\" title=\"cabgiratorio\" src=\"http:\/\/morassohermanos.com.ar\/wp-content\/uploads\/cabgiratorio.jpg\" alt=\"\" width=\"227\" height=\"119\" \/><\/a><\/p>\n<p>Se provee para p\u00e9rtigas de  di\u00e1metro 1 \u00bc\u201d y 1 \u00bd\u201d.<\/p>\n<h3>Cabezal para p\u00e9rtiga universal MCPU-3<\/h3>\n<div class=\"mceTemp\">\n<dl id=\"attachment_337\" class=\"wp-caption alignleft\" style=\"width: 265px;\">\n<dt class=\"wp-caption-dt\"><a href=\"http:\/\/morassohermanos.com.ar\/wp-content\/uploads\/cabezalpertuniv.jpg\"><img loading=\"lazy\" class=\"size-medium wp-image-337\" title=\"cabezalpertuniv\" src=\"http:\/\/morassohermanos.com.ar\/wp-content\/uploads\/cabezalpertuniv.jpg\" alt=\"Se provee para p\u00e9rtigas de  di\u00e1metro 1 \u00bc\u201d y 1 \u00bd\u201d.\" width=\"255\" height=\"133\" \/><\/a><\/dt>\n<\/dl>\n<\/div>\n<p>Se provee para p\u00e9rtigas de  di\u00e1metro 1 \u00bc\u201d y 1 \u00bd\u201d.<\/p>\n<h3>MUU-1<\/h3>\n<p><a href=\"http:\/\/morassohermanos.com.ar\/wp-content\/uploads\/adaptauniv.jpg\"><img loading=\"lazy\" class=\"size-medium wp-image-338\" title=\"adaptauniv\" src=\"http:\/\/morassohermanos.com.ar\/wp-content\/uploads\/adaptauniv.jpg\" alt=\"Adaptador universal a 90\u00ba.\" width=\"142\" height=\"96\" \/><\/a><\/p>\n<p>Adaptador universal a 90\u00ba.<\/p>\n<h3>MAM-02<\/h3>\n<p><a href=\"http:\/\/morassohermanos.com.ar\/wp-content\/uploads\/pinzangulovariable.jpg\"><img loading=\"lazy\" class=\"alignleft size-medium wp-image-339\" title=\"pinzangulovariable\" src=\"http:\/\/morassohermanos.com.ar\/wp-content\/uploads\/pinzangulovariable.jpg\" alt=\"\" width=\"255\" height=\"145\" \/><\/a><\/p>\n<p>Pinza de \u00e1ngulo variable con adaptador para p\u00e9rtiga universal.<\/p>\n","protected":false},"excerpt":{"rendered":"<p>Medidor de corriente de fuga Apto para mediciones de corriente de fuga en escaleras. Consta de un microamper\u00edmetro con escala hasta 200 mA. Cable coaxil para conexi\u00f3n a escalera. Su circuito permite testear el correcto funcionamiento del instrumento y estado de las bater\u00edas. MSA Conversor 12VCC\/220VCA Extremadamente pr\u00e1ctico. Permite conectar el equipo probador de aislaci\u00f3n [&hellip;]<\/p>\n","protected":false},"author":1,"featured_media":0,"parent":12,"menu_order":0,"comment_status":"closed","ping_status":"open","template":"","meta":{"_monsterinsights_skip_tracking":false,"_monsterinsights_sitenote_active":false,"_monsterinsights_sitenote_note":"","_monsterinsights_sitenote_category":0},"_links":{"self":[{"href":"https:\/\/morassohermanos.com.ar\/index.php?rest_route=\/wp\/v2\/pages\/25"}],"collection":[{"href":"https:\/\/morassohermanos.com.ar\/index.php?rest_route=\/wp\/v2\/pages"}],"about":[{"href":"https:\/\/morassohermanos.com.ar\/index.php?rest_route=\/wp\/v2\/types\/page"}],"author":[{"embeddable":true,"href":"https:\/\/morassohermanos.com.ar\/index.php?rest_route=\/wp\/v2\/users\/1"}],"replies":[{"embeddable":true,"href":"https:\/\/morassohermanos.com.ar\/index.php?rest_route=%2Fwp%2Fv2%2Fcomments&post=25"}],"version-history":[{"count":15,"href":"https:\/\/morassohermanos.com.ar\/index.php?rest_route=\/wp\/v2\/pages\/25\/revisions"}],"predecessor-version":[{"id":322,"href":"https:\/\/morassohermanos.com.ar\/index.php?rest_route=\/wp\/v2\/pages\/25\/revisions\/322"}],"up":[{"embeddable":true,"href":"https:\/\/morassohermanos.com.ar\/index.php?rest_route=\/wp\/v2\/pages\/12"}],"wp:attachment":[{"href":"https:\/\/morassohermanos.com.ar\/index.php?rest_route=%2Fwp%2Fv2%2Fmedia&parent=25"}],"curies":[{"name":"wp","href":"https:\/\/api.w.org\/{rel}","templated":true}]}}