{"id":26,"date":"2008-06-23T15:30:43","date_gmt":"2008-06-23T18:30:43","guid":{"rendered":"http:\/\/morassohermanos.com.ar\/?page_id=26"},"modified":"2008-12-01T15:22:41","modified_gmt":"2008-12-01T18:22:41","slug":"accesorios-para-pertigas-tensoras","status":"publish","type":"page","link":"https:\/\/morassohermanos.com.ar\/?page_id=26","title":{"rendered":"Accesorios para P\u00e9rtigas tensoras"},"content":{"rendered":"<p><a href=\"http:\/\/morassohermanos.com.ar\/wp-content\/uploads\/cabezalesmorsa.jpg\"><img loading=\"lazy\" class=\"alignleft size-medium wp-image-351\" title=\"cabezalesmorsa\" src=\"http:\/\/morassohermanos.com.ar\/wp-content\/uploads\/cabezalesmorsa-300x125.jpg\" alt=\"\" width=\"300\" height=\"125\" srcset=\"https:\/\/morassohermanos.com.ar\/wp-content\/uploads\/cabezalesmorsa-300x125.jpg 300w, https:\/\/morassohermanos.com.ar\/wp-content\/uploads\/cabezalesmorsa.jpg 340w\" sizes=\"(max-width: 300px) 100vw, 300px\" \/><\/a><\/p>\n<p>Cabezales de morsa, ajustables, para distintas medidas de p\u00e9rtigas.<\/p>\n<h3>Tuerca con crapodina<\/h3>\n<p><a href=\"http:\/\/morassohermanos.com.ar\/wp-content\/uploads\/tuercacrapodina.jpg\"><img loading=\"lazy\" class=\"alignleft size-medium wp-image-352\" title=\"tuercacrapodina\" src=\"http:\/\/morassohermanos.com.ar\/wp-content\/uploads\/tuercacrapodina.jpg\" alt=\"\" width=\"283\" height=\"106\" \/><\/a><\/p>\n<p>En sus diferentes modelos, se adaptan a las varillas roscadas para cumplir con las distintas funciones para las cuales se dise\u00f1an.<\/p>\n<h3>Cabezal giratorio<\/h3>\n<p><a href=\"http:\/\/morassohermanos.com.ar\/wp-content\/uploads\/cabezgiratorio.jpg\"><img loading=\"lazy\" class=\"alignleft size-medium wp-image-353\" title=\"cabezgiratorio\" src=\"http:\/\/morassohermanos.com.ar\/wp-content\/uploads\/cabezgiratorio.jpg\" alt=\"\" width=\"255\" height=\"172\" \/><\/a><\/p>\n<p>Para p\u00e9rtiga tensora. Se provee para p\u00e9rtigas de di\u00e1metro 1 \u00bc\u201d y 1 \u00bd\u201d<\/p>\n<h3>Cabezal con varilla roscada<\/h3>\n<p><a href=\"http:\/\/morassohermanos.com.ar\/wp-content\/uploads\/cabezconvarillaroscada.jpg\"><img loading=\"lazy\" class=\"alignleft size-medium wp-image-354\" title=\"cabezconvarillaroscada\" src=\"http:\/\/morassohermanos.com.ar\/wp-content\/uploads\/cabezconvarillaroscada.jpg\" alt=\"\" width=\"255\" height=\"112\" \/><\/a><\/p>\n<p>Para p\u00e9rtiga tensora. Se provee para p\u00e9rtigas de di\u00e1metro 32 y 39 mm.<\/p>\n<h3>Cabezal horquilla<br \/>\nMCHT-BR<\/h3>\n<p><a href=\"http:\/\/morassohermanos.com.ar\/wp-content\/uploads\/cabezalhorquilla.jpg\"><img loading=\"lazy\" class=\"alignleft size-medium wp-image-356\" style=\"margin-left: 10px; margin-right: 10px;\" title=\"cabezalhorquilla\" src=\"http:\/\/morassohermanos.com.ar\/wp-content\/uploads\/cabezalhorquilla.jpg\" alt=\"\" width=\"142\" height=\"97\" \/><\/a><\/p>\n<p>Construido en aleaci\u00f3n de bronce de alta resistencia, se provee para p\u00e9rtigas de 2\u201d.<\/p>\n<h3>Grapa para p\u00e9rtiga tensora (tonelete)<br \/>\nMGPT-1<\/h3>\n<p><a href=\"http:\/\/morassohermanos.com.ar\/wp-content\/uploads\/tonelete.jpg\"><img loading=\"lazy\" class=\"alignleft size-medium wp-image-357\" title=\"tonelete\" src=\"http:\/\/morassohermanos.com.ar\/wp-content\/uploads\/tonelete.jpg\" alt=\"\" width=\"208\" height=\"135\" \/><\/a><\/p>\n<p>Construido en aleaci\u00f3n de aluminio de alta resistencia, especial para p\u00e9rtigas tensoras con regulaci\u00f3n mediante pernos de acero.<\/p>\n<h3>Varillas roscadas<\/h3>\n<p><a href=\"http:\/\/morassohermanos.com.ar\/wp-content\/uploads\/variroscadas.jpg\"><img loading=\"lazy\" class=\"alignleft size-medium wp-image-359\" title=\"variroscadas\" src=\"http:\/\/morassohermanos.com.ar\/wp-content\/uploads\/variroscadas.jpg\" alt=\"\" width=\"283\" height=\"131\" \/><\/a><\/p>\n<p>Construidas en acero de alta resistencia y cabezal de bronce, se adapta tanto a p\u00e9rtigas tensoras como as\u00ed tambi\u00e9n a otro tipo de herramientas para cambio de aisladores o cambio y reparaci\u00f3n de morseter\u00eda de l\u00edneas. Se ofrece en diferentes longitudes (total y de rosca), diferentes tipos de cabezales y tipo de rosca.<\/p>\n<h3>Llave a crique<\/h3>\n<p><a href=\"http:\/\/morassohermanos.com.ar\/wp-content\/uploads\/llavecrique.jpg\"><img loading=\"lazy\" class=\"alignleft size-medium wp-image-360\" title=\"llavecrique\" src=\"http:\/\/morassohermanos.com.ar\/wp-content\/uploads\/llavecrique.jpg\" alt=\"\" width=\"255\" height=\"155\" \/><\/a><\/p>\n<p>Especialmente dise\u00f1ada para la tuerca con crapodina, la calidad de los materiales empleados en su construcci\u00f3n le confieren un f\u00e1cil manejo y gran durabilidad.<\/p>\n","protected":false},"excerpt":{"rendered":"<p>Cabezales de morsa, ajustables, para distintas medidas de p\u00e9rtigas. Tuerca con crapodina En sus diferentes modelos, se adaptan a las varillas roscadas para cumplir con las distintas funciones para las cuales se dise\u00f1an. Cabezal giratorio Para p\u00e9rtiga tensora. Se provee para p\u00e9rtigas de di\u00e1metro 1 \u00bc\u201d y 1 \u00bd\u201d Cabezal con varilla roscada Para p\u00e9rtiga [&hellip;]<\/p>\n","protected":false},"author":1,"featured_media":0,"parent":12,"menu_order":0,"comment_status":"closed","ping_status":"open","template":"","meta":{"_monsterinsights_skip_tracking":false,"_monsterinsights_sitenote_active":false,"_monsterinsights_sitenote_note":"","_monsterinsights_sitenote_category":0},"_links":{"self":[{"href":"https:\/\/morassohermanos.com.ar\/index.php?rest_route=\/wp\/v2\/pages\/26"}],"collection":[{"href":"https:\/\/morassohermanos.com.ar\/index.php?rest_route=\/wp\/v2\/pages"}],"about":[{"href":"https:\/\/morassohermanos.com.ar\/index.php?rest_route=\/wp\/v2\/types\/page"}],"author":[{"embeddable":true,"href":"https:\/\/morassohermanos.com.ar\/index.php?rest_route=\/wp\/v2\/users\/1"}],"replies":[{"embeddable":true,"href":"https:\/\/morassohermanos.com.ar\/index.php?rest_route=%2Fwp%2Fv2%2Fcomments&post=26"}],"version-history":[{"count":8,"href":"https:\/\/morassohermanos.com.ar\/index.php?rest_route=\/wp\/v2\/pages\/26\/revisions"}],"predecessor-version":[{"id":347,"href":"https:\/\/morassohermanos.com.ar\/index.php?rest_route=\/wp\/v2\/pages\/26\/revisions\/347"}],"up":[{"embeddable":true,"href":"https:\/\/morassohermanos.com.ar\/index.php?rest_route=\/wp\/v2\/pages\/12"}],"wp:attachment":[{"href":"https:\/\/morassohermanos.com.ar\/index.php?rest_route=%2Fwp%2Fv2%2Fmedia&parent=26"}],"curies":[{"name":"wp","href":"https:\/\/api.w.org\/{rel}","templated":true}]}}