{"id":27,"date":"2008-06-23T15:47:45","date_gmt":"2008-06-23T18:47:45","guid":{"rendered":"http:\/\/morassohermanos.com.ar\/?page_id=27"},"modified":"2008-12-01T15:50:53","modified_gmt":"2008-12-01T18:50:53","slug":"morsas-autoajustables-ranas","status":"publish","type":"page","link":"https:\/\/morassohermanos.com.ar\/?page_id=27","title":{"rendered":"Morsas autoajustables (Ranas)"},"content":{"rendered":"<p>Construidas en acero aleado forjado.\u00a0 Admite una amplia gama de di\u00e1metros de conductor. Apta para trabajos con y sin tensi\u00f3n. Se mantiene abierta con una traba y un resorte facilita su cierre en el conductor.<br \/>\nMordaza m\u00f3vil articulada para obtener cierre paralelo. Tensado de conductores en l\u00edneas a\u00e9reas. Retenci\u00f3n de conductores para cambios de cadenas de anclaje con tensi\u00f3n, cables de guardia y cables de riendas<\/p>\n<h3>MR-185<\/h3>\n<h3><a href=\"http:\/\/morassohermanos.com.ar\/wp-content\/uploads\/185.jpg\"><img loading=\"lazy\" class=\"alignleft size-medium wp-image-364\" title=\"185\" src=\"http:\/\/morassohermanos.com.ar\/wp-content\/uploads\/185.jpg\" alt=\"\" width=\"189\" height=\"170\" \/><\/a><\/h3>\n<p><strong>Datos T\u00e9cnicos:<\/strong><br \/>\nCarga m\u00e1xima de trabajo sin deslizamiento: 4500 Kgs.<br \/>\nCapacidad de ajuste:<br \/>\nM\u00e1xima: di\u00e1metro 19,2 mm.,\u00a0 m\u00ednima: di\u00e1metro 9,5 mm.<br \/>\nPeso: 2,900 Kgs.<\/p>\n<h3>MR-90<\/h3>\n<p><a href=\"http:\/\/morassohermanos.com.ar\/wp-content\/uploads\/90.jpg\"><img loading=\"lazy\" class=\"alignleft size-medium wp-image-374\" title=\"90\" src=\"http:\/\/morassohermanos.com.ar\/wp-content\/uploads\/90.jpg\" alt=\"\" width=\"152\" height=\"147\" \/><\/a><\/p>\n<p><strong>Datos T\u00e9cnicos:<\/strong><br \/>\nCarga m\u00e1xima de trabajo sin deslizamiento: 1500 Kgs.<br \/>\nCapacidad de ajuste: di\u00e1metros 4 a 8 mm.<br \/>\nPeso: 0,900 Kgs.<\/p>\n<h3>MR-300<\/h3>\n<p><a href=\"http:\/\/morassohermanos.com.ar\/wp-content\/uploads\/300.jpg\"><img loading=\"lazy\" class=\"alignleft size-medium wp-image-373\" title=\"300\" src=\"http:\/\/morassohermanos.com.ar\/wp-content\/uploads\/300.jpg\" alt=\"\" width=\"221\" height=\"140\" \/><\/a><\/p>\n<p><strong>Datos T\u00e9cnicos:<\/strong><br \/>\nCarga m\u00e1xima de trabajo sin deslizamiento: 4500 Kgs.<br \/>\nCapacidad de ajuste:<br \/>\nM\u00e1xima: di\u00e1metro 27 mm., m\u00ednima : di\u00e1metro16 mm.<br \/>\nPeso: 6,000 Kgs.<\/p>\n<h3>MRR-350<\/h3>\n<p><a href=\"http:\/\/morassohermanos.com.ar\/wp-content\/uploads\/350.jpg\"><img loading=\"lazy\" class=\"alignleft size-medium wp-image-375\" title=\"350\" src=\"http:\/\/morassohermanos.com.ar\/wp-content\/uploads\/350.jpg\" alt=\"\" width=\"194\" height=\"173\" \/><\/a><\/p>\n<p><strong>Datos T\u00e9cnicos:<\/strong><br \/>\nRana para tensado de riendas de acero.<br \/>\nCapacidad de ajuste hasta di\u00e1metro 32 mm.<br \/>\nCapacidad de carga m\u00e1xima: 5000 Kgs.<\/p>\n<h3>MCA-16<\/h3>\n<p><a href=\"http:\/\/morassohermanos.com.ar\/wp-content\/uploads\/16.jpg\"><img loading=\"lazy\" class=\"alignleft size-medium wp-image-376\" title=\"16\" src=\"http:\/\/morassohermanos.com.ar\/wp-content\/uploads\/16-187x300.jpg\" alt=\"\" width=\"187\" height=\"300\" srcset=\"https:\/\/morassohermanos.com.ar\/wp-content\/uploads\/16-187x300.jpg 187w, https:\/\/morassohermanos.com.ar\/wp-content\/uploads\/16.jpg 223w\" sizes=\"(max-width: 187px) 100vw, 187px\" \/><\/a><\/p>\n<p><strong>Datos T\u00e9cnicos:<\/strong><br \/>\nMorsa autoajustable para riendas de acero.<br \/>\nCapacidad de ajuste hasta di\u00e1metro 16 mm.<\/p>\n<h3>MCR<\/h3>\n<p><a href=\"http:\/\/morassohermanos.com.ar\/wp-content\/uploads\/mcr.jpg\"><img loading=\"lazy\" class=\"alignleft size-medium wp-image-377\" title=\"mcr\" src=\"http:\/\/morassohermanos.com.ar\/wp-content\/uploads\/mcr.jpg\" alt=\"\" width=\"264\" height=\"136\" \/><\/a><\/p>\n<p>Se utiliza para colgar la p\u00e9rtiga tensora del cable soporte en torres de suspensi\u00f3n tipo Cross Rope.<br \/>\nSu capacidad de carga es similar a la de la p\u00e9rtiga tensora de di\u00e1metro 2\u201d.<\/p>\n<h3>MR-500<\/h3>\n<p><a href=\"http:\/\/morassohermanos.com.ar\/wp-content\/uploads\/500.jpg\"><img loading=\"lazy\" class=\"alignleft size-medium wp-image-379\" title=\"500\" src=\"http:\/\/morassohermanos.com.ar\/wp-content\/uploads\/500.jpg\" alt=\"\" width=\"206\" height=\"117\" \/><\/a><\/p>\n<p><strong>Datos T\u00e9cnicos:<\/strong><br \/>\nPrensa tiracables con sistema de bielas para tensado de conductores de gran secci\u00f3n.<br \/>\nCapacidad de ajuste hasta di\u00e1metro 45 mm.<br \/>\nCapacidad de carga m\u00e1xima: 5000 Kgs.<\/p>\n","protected":false},"excerpt":{"rendered":"<p>Construidas en acero aleado forjado.\u00a0 Admite una amplia gama de di\u00e1metros de conductor. Apta para trabajos con y sin tensi\u00f3n. Se mantiene abierta con una traba y un resorte facilita su cierre en el conductor. Mordaza m\u00f3vil articulada para obtener cierre paralelo. Tensado de conductores en l\u00edneas a\u00e9reas. Retenci\u00f3n de conductores para cambios de cadenas [&hellip;]<\/p>\n","protected":false},"author":1,"featured_media":0,"parent":12,"menu_order":0,"comment_status":"closed","ping_status":"open","template":"","meta":{"_monsterinsights_skip_tracking":false,"_monsterinsights_sitenote_active":false,"_monsterinsights_sitenote_note":"","_monsterinsights_sitenote_category":0},"_links":{"self":[{"href":"https:\/\/morassohermanos.com.ar\/index.php?rest_route=\/wp\/v2\/pages\/27"}],"collection":[{"href":"https:\/\/morassohermanos.com.ar\/index.php?rest_route=\/wp\/v2\/pages"}],"about":[{"href":"https:\/\/morassohermanos.com.ar\/index.php?rest_route=\/wp\/v2\/types\/page"}],"author":[{"embeddable":true,"href":"https:\/\/morassohermanos.com.ar\/index.php?rest_route=\/wp\/v2\/users\/1"}],"replies":[{"embeddable":true,"href":"https:\/\/morassohermanos.com.ar\/index.php?rest_route=%2Fwp%2Fv2%2Fcomments&post=27"}],"version-history":[{"count":11,"href":"https:\/\/morassohermanos.com.ar\/index.php?rest_route=\/wp\/v2\/pages\/27\/revisions"}],"predecessor-version":[{"id":363,"href":"https:\/\/morassohermanos.com.ar\/index.php?rest_route=\/wp\/v2\/pages\/27\/revisions\/363"}],"up":[{"embeddable":true,"href":"https:\/\/morassohermanos.com.ar\/index.php?rest_route=\/wp\/v2\/pages\/12"}],"wp:attachment":[{"href":"https:\/\/morassohermanos.com.ar\/index.php?rest_route=%2Fwp%2Fv2%2Fmedia&parent=27"}],"curies":[{"name":"wp","href":"https:\/\/api.w.org\/{rel}","templated":true}]}}