{"id":28,"date":"2008-06-23T15:48:44","date_gmt":"2008-06-23T18:48:44","guid":{"rendered":"http:\/\/morassohermanos.com.ar\/?page_id=28"},"modified":"2008-12-01T17:43:45","modified_gmt":"2008-12-01T20:43:45","slug":"morsetos-para-puesta-a-tierra","status":"publish","type":"page","link":"https:\/\/morassohermanos.com.ar\/?page_id=28","title":{"rendered":"Morsetos para puesta a tierra"},"content":{"rendered":"<h3>Puesta a tierra din\u00e1mica,<br \/>\napta para tendido de conductores y fibra<br \/>\nMPTD-1<\/h3>\n<p><a href=\"http:\/\/morassohermanos.com.ar\/wp-content\/uploads\/mptd1.jpg\"><img loading=\"lazy\" class=\"alignleft size-medium wp-image-391\" title=\"mptd1\" src=\"http:\/\/morassohermanos.com.ar\/wp-content\/uploads\/mptd1.jpg\" alt=\"\" width=\"198\" height=\"214\" \/><\/a><\/p>\n<p><strong>Datos t\u00e9cnicos: <\/strong><br \/>\nCapacidad hasta 300 mm2 de secci\u00f3n.<br \/>\nMaterial: Cuerpo en acero inoxidable, ruedas de aluminio y escobilla de cobre.<\/p>\n<h3>Morsa puesta a tierra y en cortocircuito<br \/>\nM-30<\/h3>\n<p><a href=\"http:\/\/morassohermanos.com.ar\/wp-content\/uploads\/m30.jpg\"><img loading=\"lazy\" class=\"alignleft size-medium wp-image-393\" title=\"m30\" src=\"http:\/\/morassohermanos.com.ar\/wp-content\/uploads\/m30.jpg\" alt=\"\" width=\"142\" height=\"232\" \/><\/a><\/p>\n<p>Se utilza para la puesta a tierra temporaria de l\u00edneas a\u00e9reas de transmisi\u00f3n. Es maniobrable desde tierra con soga o desde la estructura, con p\u00e9rtiga. Cierra autom\u00e1ticamente sobre el conductor, mediante una disposici\u00f3n a resorte precargada. Admite cables flexibles de conexi\u00f3n de hasta 150 mm2 de secci\u00f3n con terminal tipo Fontenay<\/p>\n<p><strong>Datos t\u00e9cnicos: <\/strong><br \/>\nCapacidad de ajuste:\u00a0 Conductores de di\u00e1metro 12 a 48\u00a0 mm.<br \/>\nCorriente admisible 30KA\/1 seg.<br \/>\nMaterial: Cuerpo y mordaza de aleaci\u00f3n de aluminio. Gatillo de lat\u00f3n. Estribo de acero.<br \/>\nPeso: 1,500 Kgs.<\/p>\n<h3>Morsa puesta a tierra y en cortocircuito<br \/>\nMTT-25<\/h3>\n<p><a href=\"http:\/\/morassohermanos.com.ar\/wp-content\/uploads\/mtt25.jpg\"><img loading=\"lazy\" class=\"alignleft size-medium wp-image-394\" title=\"mtt25\" src=\"http:\/\/morassohermanos.com.ar\/wp-content\/uploads\/mtt25.jpg\" alt=\"\" width=\"205\" height=\"126\" \/><\/a><\/p>\n<p>Lado tierra. Sistema de conexi\u00f3n con terminal de presi\u00f3n para cable hasta 120 mm2 de secci\u00f3n.<\/p>\n<p><strong>Datos t\u00e9cnicos: <\/strong><br \/>\nCapacidad de ajuste: Barras o \u00e1ngulos hasta di\u00e1metro 38 mm.<br \/>\nCorriente admisible 25KA\/0,5 seg.<br \/>\nMaterial: Cuerpo y mordaza de aleaci\u00f3n de aluminio. Tornillo de bronce.<br \/>\nPeso: 0,700 Kgs.<\/p>\n<h3>Morsa puesta a tierra y en cortocircuito<br \/>\nT-10<\/h3>\n<p><a href=\"http:\/\/morassohermanos.com.ar\/wp-content\/uploads\/t10.jpg\"><img loading=\"lazy\" class=\"alignleft size-medium wp-image-395\" title=\"t10\" src=\"http:\/\/morassohermanos.com.ar\/wp-content\/uploads\/t10.jpg\" alt=\"\" width=\"130\" height=\"188\" \/><\/a><\/p>\n<p>Se utilza para la puesta a tierra temporaria de l\u00edneas a\u00e9reas de transmisi\u00f3n. Cierra autom\u00e1ticamente sobre el conductor, mediante una disposici\u00f3n a resorte precargado, lo que facilita la operaci\u00f3n de ajuste del tornillo.<\/p>\n<p><strong>Datos t\u00e9cnicos: <\/strong><br \/>\nCapacidad de ajuste:\u00a0 Conductores de di\u00e1metro 5 a 30\u00a0 mm.<br \/>\nCorriente admisible 25KA\/500 ms.<br \/>\nMaterial: Cuerpo y mordaza de aleaci\u00f3n de aluminio. Tornillo de bronce.<br \/>\nPeso: 0,600 Kgs.<\/p>\n<h3>Cabezal bayoneta<br \/>\nMCB-1<\/h3>\n<p><a href=\"http:\/\/morassohermanos.com.ar\/wp-content\/uploads\/mcb1.jpg\"><img loading=\"lazy\" class=\"alignleft size-medium wp-image-396\" title=\"mcb1\" src=\"http:\/\/morassohermanos.com.ar\/wp-content\/uploads\/mcb1.jpg\" alt=\"\" width=\"170\" height=\"50\" \/><\/a><\/p>\n<p>Se provee para p\u00e9rtiga de 1 1\/4\u201d<\/p>\n<h3>Cabezal bayoneta<br \/>\nMCU-1<\/h3>\n<p><a href=\"http:\/\/morassohermanos.com.ar\/wp-content\/uploads\/mcu1.jpg\"><img loading=\"lazy\" class=\"alignleft size-medium wp-image-397\" title=\"mcu1\" src=\"http:\/\/morassohermanos.com.ar\/wp-content\/uploads\/mcu1.jpg\" alt=\"\" width=\"90\" height=\"57\" \/><\/a><\/p>\n<p>Se provee para p\u00e9rtiga con uni\u00f3n universal.<\/p>\n<h3>Morsa puesta a tierra y en cortocircuito<br \/>\nMT-30<\/h3>\n<p><a href=\"http:\/\/morassohermanos.com.ar\/wp-content\/uploads\/mt30.jpg\"><img loading=\"lazy\" class=\"alignleft size-medium wp-image-400\" title=\"mt30\" src=\"http:\/\/morassohermanos.com.ar\/wp-content\/uploads\/mt30.jpg\" alt=\"\" width=\"120\" height=\"226\" \/><\/a><\/p>\n<p>Se utilza para la puesta a tierra temporaria de l\u00edneas a\u00e9reas de transmisi\u00f3n y estaciones transformadoras. Se maniobra con p\u00e9rtigas con cabezal bayoneta. El dise\u00f1o de su garganta es apropiado tanto para conductores de cobre como aluminio, ofreciendo una excelente superficie de contacto sin da\u00f1ar el conductor. La elecci\u00f3n de la aleaci\u00f3n de alumino de baja resistividad y el tornillo de rosca cuadrada para mayor presi\u00f3n de cierre, proveen una peque\u00f1a resistencia de contacto. El comportamiento din\u00e1mico es excelente gracias al dise\u00f1o mec\u00e1nico del conjunto. Terminal tipo Fontenay<\/p>\n<p>para cables de puesta a tierra de hasta 120 mm2 de secci\u00f3n. Gu\u00eda de acero para facilitar la maniobra de instalaci\u00f3n en el conductor.<\/p>\n<p><strong>Datos t\u00e9cnicos: <\/strong><br \/>\nCapacidad de ajuste:\u00a0 Conductores de di\u00e1metro 15 a 50 mm.<br \/>\nCorriente admisible: 30KA\/1 seg.<br \/>\nMaterial: Cuerpo y mordaza de aleaci\u00f3n de aluminio con inserto de bronce para tornillo.<br \/>\nTornillo de acero galvanizado, rosca cuadrada con terminal para cabezal bayoneta.<br \/>\nPeso: 2,100 Kgs.<\/p>\n<h3>Morsa puesta a tierra y en cortocircuito<br \/>\nH-1<\/h3>\n<p><a href=\"http:\/\/morassohermanos.com.ar\/wp-content\/uploads\/morsapat.jpg\"><img loading=\"lazy\" class=\"alignleft size-medium wp-image-398\" title=\"morsapat\" src=\"http:\/\/morassohermanos.com.ar\/wp-content\/uploads\/morsapat-300x206.jpg\" alt=\"\" width=\"300\" height=\"206\" srcset=\"https:\/\/morassohermanos.com.ar\/wp-content\/uploads\/morsapat-300x206.jpg 300w, https:\/\/morassohermanos.com.ar\/wp-content\/uploads\/morsapat.jpg 312w\" sizes=\"(max-width: 300px) 100vw, 300px\" \/><\/a><a href=\"http:\/\/morassohermanos.com.ar\/wp-content\/uploads\/h1.jpg\"><img loading=\"lazy\" class=\"alignleft size-medium wp-image-399\" title=\"h1\" src=\"http:\/\/morassohermanos.com.ar\/wp-content\/uploads\/h1.jpg\" alt=\"\" width=\"227\" height=\"139\" \/><\/a><\/p>\n<p>Se utilza para la puesta a tierra temporaria de l\u00edneas a\u00e9reas de transmisi\u00f3n y estaciones transformadoras. Se maniobra con p\u00e9rtigas con cabezal bayoneta. El ajuste es a tornillo con precarga a resorte. La conexi\u00f3n es del tipo terminal roscado, con contacto c\u00f3nico de alta presi\u00f3n y sujetador de vaina del cable de bajada, apto para conductores de 150 mm2 de secci\u00f3n. El cuerpo es de aleaci\u00f3n de aluminio de baja resistividad, con caras de contacto planas.<br \/>\nEl comportamiento din\u00e1mico es excelente gracias al dise\u00f1o mec\u00e1nico del conjunto.<\/p>\n<p><strong>Datos t\u00e9cnicos: <\/strong><br \/>\nCapacidad de ajuste:\u00a0 Conductores de di\u00e1metro 15 a 35 mm. Corriente de cortocircuito: 20KA\/1 seg.<br \/>\nMaterial: Cuerpo y mordaza de aleaci\u00f3n de aluminio.<br \/>\nPeso con terminal incluido: 0,900 Kgs.<\/p>\n<h3>Terminal para indentar<br \/>\nT-1<\/h3>\n<p><a href=\"http:\/\/morassohermanos.com.ar\/wp-content\/uploads\/t1.jpg\"><img loading=\"lazy\" class=\"alignleft size-medium wp-image-401\" title=\"t1\" src=\"http:\/\/morassohermanos.com.ar\/wp-content\/uploads\/t1.jpg\" alt=\"\" width=\"166\" height=\"91\" \/><\/a><\/p>\n<p>Adaptado para conexi\u00f3n tipo Fontenay.<\/p>\n<h3>Morsa puesta a tierra y en cortocircuito<br \/>\nT-10<\/h3>\n<p><a href=\"http:\/\/morassohermanos.com.ar\/wp-content\/uploads\/h2.jpg\"><img loading=\"lazy\" class=\"alignleft size-medium wp-image-402\" title=\"h2\" src=\"http:\/\/morassohermanos.com.ar\/wp-content\/uploads\/h2.jpg\" alt=\"\" width=\"211\" height=\"145\" \/><\/a><\/p>\n<p>Admite cable hasta hasta 150 mm2<br \/>\nen conexi\u00f3n Fontenay.<\/p>\n<p><strong>Datos t\u00e9cnicos: <\/strong><br \/>\nCapacidad de ajuste:\u00a0 Barras de di\u00e1metro 6\u201d.<br \/>\nCorriente admisible 40KA\/1seg.<br \/>\nMaterial: Cuerpo y mordaza de aluminio. Tornillo de rosca trapezoidal de acero.<br \/>\nPeso: 1,200 Kgs.<\/p>\n","protected":false},"excerpt":{"rendered":"<p>Puesta a tierra din\u00e1mica, apta para tendido de conductores y fibra MPTD-1 Datos t\u00e9cnicos: Capacidad hasta 300 mm2 de secci\u00f3n. Material: Cuerpo en acero inoxidable, ruedas de aluminio y escobilla de cobre. Morsa puesta a tierra y en cortocircuito M-30 Se utilza para la puesta a tierra temporaria de l\u00edneas a\u00e9reas de transmisi\u00f3n. Es maniobrable [&hellip;]<\/p>\n","protected":false},"author":1,"featured_media":0,"parent":12,"menu_order":0,"comment_status":"closed","ping_status":"open","template":"","meta":{"_monsterinsights_skip_tracking":false,"_monsterinsights_sitenote_active":false,"_monsterinsights_sitenote_note":"","_monsterinsights_sitenote_category":0},"_links":{"self":[{"href":"https:\/\/morassohermanos.com.ar\/index.php?rest_route=\/wp\/v2\/pages\/28"}],"collection":[{"href":"https:\/\/morassohermanos.com.ar\/index.php?rest_route=\/wp\/v2\/pages"}],"about":[{"href":"https:\/\/morassohermanos.com.ar\/index.php?rest_route=\/wp\/v2\/types\/page"}],"author":[{"embeddable":true,"href":"https:\/\/morassohermanos.com.ar\/index.php?rest_route=\/wp\/v2\/users\/1"}],"replies":[{"embeddable":true,"href":"https:\/\/morassohermanos.com.ar\/index.php?rest_route=%2Fwp%2Fv2%2Fcomments&post=28"}],"version-history":[{"count":15,"href":"https:\/\/morassohermanos.com.ar\/index.php?rest_route=\/wp\/v2\/pages\/28\/revisions"}],"predecessor-version":[{"id":381,"href":"https:\/\/morassohermanos.com.ar\/index.php?rest_route=\/wp\/v2\/pages\/28\/revisions\/381"}],"up":[{"embeddable":true,"href":"https:\/\/morassohermanos.com.ar\/index.php?rest_route=\/wp\/v2\/pages\/12"}],"wp:attachment":[{"href":"https:\/\/morassohermanos.com.ar\/index.php?rest_route=%2Fwp%2Fv2%2Fmedia&parent=28"}],"curies":[{"name":"wp","href":"https:\/\/api.w.org\/{rel}","templated":true}]}}