{"id":29,"date":"2008-06-23T15:49:35","date_gmt":"2008-06-23T18:49:35","guid":{"rendered":"http:\/\/morassohermanos.com.ar\/?page_id=29"},"modified":"2008-12-01T18:08:26","modified_gmt":"2008-12-01T21:08:26","slug":"elementos-para-lineas","status":"publish","type":"page","link":"https:\/\/morassohermanos.com.ar\/?page_id=29","title":{"rendered":"Elementos para l\u00edneas"},"content":{"rendered":"<h3>Conjunto con roldana para fijaci\u00f3n de riendas<\/h3>\n<p><a href=\"http:\/\/morassohermanos.com.ar\/wp-content\/uploads\/conjfijariendasroldana.jpg\"><img loading=\"lazy\" class=\"alignleft size-medium wp-image-410\" title=\"conjfijariendasroldana\" src=\"http:\/\/morassohermanos.com.ar\/wp-content\/uploads\/conjfijariendasroldana.jpg\" alt=\"\" width=\"242\" height=\"138\" \/><\/a><\/p>\n<p>Construido en acero forjado. Carga de rotura superior a 60 tt.<\/p>\n<h3>Manguito de empalme<\/h3>\n<p><a href=\"http:\/\/morassohermanos.com.ar\/wp-content\/uploads\/mangoempalme.jpg\"><img loading=\"lazy\" class=\"alignleft size-medium wp-image-411\" title=\"mangoempalme\" src=\"http:\/\/morassohermanos.com.ar\/wp-content\/uploads\/mangoempalme.jpg\" alt=\"\" width=\"246\" height=\"54\" \/><\/a><\/p>\n<p>Para conductores con alma de acero.<br \/>\nConsiste en un mango de acero para indentar sobre el alma del conductor y un tubo exterior de aluminio para undentar sobre el conductor. Se provee para todo tipo de conductor.<\/p>\n<h3>Manguito de reparaci\u00f3n<br \/>\nMRP<\/h3>\n<p><a href=\"http:\/\/morassohermanos.com.ar\/wp-content\/uploads\/magoreparacion.jpg\"><img loading=\"lazy\" class=\"alignleft size-medium wp-image-412\" title=\"magoreparacion\" src=\"http:\/\/morassohermanos.com.ar\/wp-content\/uploads\/magoreparacion.jpg\" alt=\"\" width=\"254\" height=\"86\" \/><\/a><\/p>\n<p>Se utiliza para indentar sobre el conductor en zonas con da\u00f1os en las hebras exteriores. Construidos en dos mitades encastrables entre si.<br \/>\nMaterial: aluminio<br \/>\nSe provee para todo tipo de conductores.<\/p>\n<h3>Barra de anclaje para riendas<\/h3>\n<p><a href=\"http:\/\/morassohermanos.com.ar\/wp-content\/uploads\/barraanclajeriendas.jpg\"><img loading=\"lazy\" class=\"alignleft size-medium wp-image-413\" title=\"barraanclajeriendas\" src=\"http:\/\/morassohermanos.com.ar\/wp-content\/uploads\/barraanclajeriendas.jpg\" alt=\"\" width=\"251\" height=\"101\" \/><\/a><\/p>\n<p>Se proveen en diferentes di\u00e1metros y cargas con c\u00e1ncamos y placas de anclaje a dado de hormig\u00f3n.<\/p>\n","protected":false},"excerpt":{"rendered":"<p>Conjunto con roldana para fijaci\u00f3n de riendas Construido en acero forjado. Carga de rotura superior a 60 tt. Manguito de empalme Para conductores con alma de acero. Consiste en un mango de acero para indentar sobre el alma del conductor y un tubo exterior de aluminio para undentar sobre el conductor. Se provee para todo [&hellip;]<\/p>\n","protected":false},"author":1,"featured_media":0,"parent":12,"menu_order":0,"comment_status":"closed","ping_status":"open","template":"","meta":{"_monsterinsights_skip_tracking":false,"_monsterinsights_sitenote_active":false,"_monsterinsights_sitenote_note":"","_monsterinsights_sitenote_category":0},"_links":{"self":[{"href":"https:\/\/morassohermanos.com.ar\/index.php?rest_route=\/wp\/v2\/pages\/29"}],"collection":[{"href":"https:\/\/morassohermanos.com.ar\/index.php?rest_route=\/wp\/v2\/pages"}],"about":[{"href":"https:\/\/morassohermanos.com.ar\/index.php?rest_route=\/wp\/v2\/types\/page"}],"author":[{"embeddable":true,"href":"https:\/\/morassohermanos.com.ar\/index.php?rest_route=\/wp\/v2\/users\/1"}],"replies":[{"embeddable":true,"href":"https:\/\/morassohermanos.com.ar\/index.php?rest_route=%2Fwp%2Fv2%2Fcomments&post=29"}],"version-history":[{"count":4,"href":"https:\/\/morassohermanos.com.ar\/index.php?rest_route=\/wp\/v2\/pages\/29\/revisions"}],"predecessor-version":[{"id":407,"href":"https:\/\/morassohermanos.com.ar\/index.php?rest_route=\/wp\/v2\/pages\/29\/revisions\/407"}],"up":[{"embeddable":true,"href":"https:\/\/morassohermanos.com.ar\/index.php?rest_route=\/wp\/v2\/pages\/12"}],"wp:attachment":[{"href":"https:\/\/morassohermanos.com.ar\/index.php?rest_route=%2Fwp%2Fv2%2Fmedia&parent=29"}],"curies":[{"name":"wp","href":"https:\/\/api.w.org\/{rel}","templated":true}]}}