{"id":438,"date":"2015-02-20T12:22:41","date_gmt":"2015-02-20T15:22:41","guid":{"rendered":"http:\/\/morassohermanos.com.ar\/?page_id=438"},"modified":"2015-02-20T12:39:00","modified_gmt":"2015-02-20T15:39:00","slug":"438-2","status":"publish","type":"page","link":"https:\/\/morassohermanos.com.ar\/?page_id=438","title":{"rendered":"Trailer &#8211; Carro portaherramientas"},"content":{"rendered":"<p><span style=\"font-size: 14pt; font-family: Trebuchet MS; color: #333399;\">Trailer &#8211; Carro portaherramientas <\/span><br \/>\n<span style=\"color: #333399;\"><strong>Capacidad de carga<\/strong><\/span><strong><span style=\"font-size: 12pt; font-family: Trebuchet MS; color: #339999;\"><br \/>\n1 eje:\u00a0\u00a0 \u00a01500 kg<br \/>\n2 ejes:\u00a0\u00a0 \u00a04000 kg<\/span><\/strong><span style=\"font-size: 10pt; font-family: Trebuchet MS; color: #339999;\"><br \/>\nSe puede proveer seg\u00fan necesidad en ambas versiones.<\/span><\/p>\n<div id=\"attachment_439\" style=\"width: 510px\" class=\"wp-caption alignright\"><a href=\"http:\/\/morassohermanos.com.ar\/wp-content\/uploads\/trailer2bWork.jpg\"><img aria-describedby=\"caption-attachment-439\" loading=\"lazy\" class=\"wp-image-439 \" src=\"http:\/\/morassohermanos.com.ar\/wp-content\/uploads\/trailer2bWork.jpg\" alt=\"Trailer portaherramientas\" width=\"500\" height=\"333\" \/><\/a><p id=\"caption-attachment-439\" class=\"wp-caption-text\">Trailer &#8211; Carro portaherramientas<\/p><\/div>\n<h3>MT-TCT1200<\/h3>\n<ul>\n<li>Totalmente construido en acero, lo que le confiere mucha rigidez y capaciad de carga.<\/li>\n<li>\u00a0Se puede acceder por los laterales debido a que su tapa se levanta en posici\u00f3n horizontal.<\/li>\n<li>Esta caracter\u00edstica asegura, adem\u00e1s, un cierre herm\u00e9tico.<\/li>\n<li>Compartimientos interiores con soportes plastificados y zonas acolchadas.<\/li>\n<li>Distribuci\u00f3n standard o especial sobre pedido.<\/li>\n<li>Tapa con soportes para escaleras.<\/li>\n<li>Sistema de apertura central de la tapa.<\/li>\n<\/ul>\n<p>&nbsp;<\/p>\n<div id=\"attachment_440\" style=\"width: 289px\" class=\"wp-caption alignnone\"><a href=\"http:\/\/morassohermanos.com.ar\/wp-content\/uploads\/trailer2aWork.jpg\"><img aria-describedby=\"caption-attachment-440\" loading=\"lazy\" class=\"wp-image-440 size-full\" src=\"http:\/\/morassohermanos.com.ar\/wp-content\/uploads\/trailer2aWork.jpg\" alt=\"trailer portaherramientas\" width=\"279\" height=\"226\" \/><\/a><p id=\"caption-attachment-440\" class=\"wp-caption-text\">Trailer &#8211; Frente &#8211; Tapa cerrada<\/p><\/div>\n<p><span style=\"color: #333399;\"><strong>Equipamiento standard<\/strong><\/span><\/p>\n<ul>\n<li>2 ejes con suspensi\u00f3n para 5000 kg\/ bruto.<\/li>\n<li>Gato con rueda para moverlo en dep\u00f3sito.<\/li>\n<li>Enganche con ojo y cadena de seguridad.<\/li>\n<li>Paragolpes trasero.<\/li>\n<li>Sistema el\u00e9ctrico: Ficha con 7 conductores para conectar.<\/li>\n<li>Veh\u00edculo: Luces de leds, posici\u00f3n, freno. Direccionales y\u00a0 marcha atr\u00e1s. Luz de patente.\u00a0 Ficha para conexi\u00f3n 220 V en dep\u00f3sito.<\/li>\n<li>Pintura: Color blanco.<\/li>\n<\/ul>\n<p><span style=\"color: #333399;\"><strong>Opcionales<\/strong><\/span><\/p>\n<ul>\n<li>Calefactor de 220 V con termostato.<\/li>\n<li>Compartimientos especiales.<\/li>\n<li>Apertura y cierre de tapa motorizados.<\/li>\n<li>Pintura de colores y\/o ploteado<\/li>\n<li>Enganche con esfera 2\u201d.<\/li>\n<\/ul>\n<p><a href=\"http:\/\/morassohermanos.com.ar\/wp-content\/uploads\/actuador.jpg\"><img loading=\"lazy\" class=\"alignnone size-full wp-image-443\" src=\"http:\/\/morassohermanos.com.ar\/wp-content\/uploads\/actuador.jpg\" alt=\"WELACT-2-24\" width=\"389\" height=\"466\" srcset=\"https:\/\/morassohermanos.com.ar\/wp-content\/uploads\/actuador.jpg 389w, https:\/\/morassohermanos.com.ar\/wp-content\/uploads\/actuador-250x300.jpg 250w\" sizes=\"(max-width: 389px) 100vw, 389px\" \/><\/a><\/p>\n<p><a href=\"http:\/\/morassohermanos.com.ar\/wp-content\/uploads\/Estudio-giro-trailer.jpg\"><img loading=\"lazy\" class=\"alignnone size-thumbnail wp-image-447\" src=\"http:\/\/morassohermanos.com.ar\/wp-content\/uploads\/Estudio-giro-trailer-150x150.jpg\" alt=\"Estudio giro trailer\" width=\"150\" height=\"150\" \/><\/a>\u00a0 Clikee para ampliar Estudio de Giro<\/p>\n<p><a href=\"http:\/\/morassohermanos.com.ar\/wp-content\/uploads\/trailerPlano.jpg\"><img loading=\"lazy\" class=\"alignnone size-thumbnail wp-image-450\" src=\"http:\/\/morassohermanos.com.ar\/wp-content\/uploads\/trailerPlano-150x150.jpg\" alt=\"trailerPlano\" width=\"150\" height=\"150\" \/><\/a>Clikee para ampliar Plano Chasis Carro<\/p>\n","protected":false},"excerpt":{"rendered":"<p>Trailer &#8211; Carro portaherramientas Capacidad de carga 1 eje:\u00a0\u00a0 \u00a01500 kg 2 ejes:\u00a0\u00a0 \u00a04000 kg Se puede proveer seg\u00fan necesidad en ambas versiones. MT-TCT1200 Totalmente construido en acero, lo que le confiere mucha rigidez y capaciad de carga. \u00a0Se puede acceder por los laterales debido a que su tapa se levanta en posici\u00f3n horizontal. Esta [&hellip;]<\/p>\n","protected":false},"author":6,"featured_media":0,"parent":12,"menu_order":0,"comment_status":"open","ping_status":"open","template":"","meta":{"_monsterinsights_skip_tracking":false,"_monsterinsights_sitenote_active":false,"_monsterinsights_sitenote_note":"","_monsterinsights_sitenote_category":0},"_links":{"self":[{"href":"https:\/\/morassohermanos.com.ar\/index.php?rest_route=\/wp\/v2\/pages\/438"}],"collection":[{"href":"https:\/\/morassohermanos.com.ar\/index.php?rest_route=\/wp\/v2\/pages"}],"about":[{"href":"https:\/\/morassohermanos.com.ar\/index.php?rest_route=\/wp\/v2\/types\/page"}],"author":[{"embeddable":true,"href":"https:\/\/morassohermanos.com.ar\/index.php?rest_route=\/wp\/v2\/users\/6"}],"replies":[{"embeddable":true,"href":"https:\/\/morassohermanos.com.ar\/index.php?rest_route=%2Fwp%2Fv2%2Fcomments&post=438"}],"version-history":[{"count":6,"href":"https:\/\/morassohermanos.com.ar\/index.php?rest_route=\/wp\/v2\/pages\/438\/revisions"}],"predecessor-version":[{"id":451,"href":"https:\/\/morassohermanos.com.ar\/index.php?rest_route=\/wp\/v2\/pages\/438\/revisions\/451"}],"up":[{"embeddable":true,"href":"https:\/\/morassohermanos.com.ar\/index.php?rest_route=\/wp\/v2\/pages\/12"}],"wp:attachment":[{"href":"https:\/\/morassohermanos.com.ar\/index.php?rest_route=%2Fwp%2Fv2%2Fmedia&parent=438"}],"curies":[{"name":"wp","href":"https:\/\/api.w.org\/{rel}","templated":true}]}}