{"id":457,"date":"2015-03-03T19:59:38","date_gmt":"2015-03-03T22:59:38","guid":{"rendered":"http:\/\/morassohermanos.com.ar\/?page_id=457"},"modified":"2015-03-03T20:05:10","modified_gmt":"2015-03-03T23:05:10","slug":"lavadora-para-lineas-de-alta-tension","status":"publish","type":"page","link":"https:\/\/morassohermanos.com.ar\/?page_id=457","title":{"rendered":"Lavadora para l\u00edneas de alta tensi\u00f3n"},"content":{"rendered":"<p><span style=\"font-size: 14pt; font-family: Trebuchet MS; color: #333399;\">Equipo de limpieza por chorro de agua bidestilada<br \/>\npara l\u00edneas el\u00e9ctricas de alta tensi\u00f3n. <\/span><strong><span style=\"font-size: 12pt; font-family: Trebuchet MS; color: #339999;\"><br \/>\n<\/span><\/strong><span style=\"font-size: 12pt; font-family: Trebuchet MS; color: #339999;\">Para la limpieza peri\u00f3dica de aisladores y subestaciones afectados por contaminaci\u00f3n o poluci\u00f3n. <\/span><\/p>\n<p><a href=\"http:\/\/morassohermanos.com.ar\/wp-content\/uploads\/Equipo_-lavado1.jpg\"><img loading=\"lazy\" class=\"alignnone wp-image-458\" src=\"http:\/\/morassohermanos.com.ar\/wp-content\/uploads\/Equipo_-lavado1-1024x898.jpg\" alt=\"Equipo_ lavado1\" width=\"500\" height=\"438\" srcset=\"https:\/\/morassohermanos.com.ar\/wp-content\/uploads\/Equipo_-lavado1-1024x898.jpg 1024w, https:\/\/morassohermanos.com.ar\/wp-content\/uploads\/Equipo_-lavado1-300x263.jpg 300w, https:\/\/morassohermanos.com.ar\/wp-content\/uploads\/Equipo_-lavado1.jpg 1638w\" sizes=\"(max-width: 500px) 100vw, 500px\" \/><\/a><\/p>\n<h3>MEL-1000<\/h3>\n<ul>\n<li>Apto para lavado en instalaciones de hasta 500 kV, tanto de aisladores de l\u00edneas como de subestaciones.<\/li>\n<li>Montado sobre bastidor, acoplado o cami\u00f3n, con capacidad para 2.500 lts\u00a0 de agua.<\/li>\n<li>Bomba centr\u00edfuga de 1.000 psi, con caudal de 240 litros por minuto, con multiplicador de velocidad.<\/li>\n<li>Alimentado por motor Diesel, de 115 HP, enfriado por aire.<\/li>\n<li>Reel enrolla-manguera, con capacidad para 50mts. de manguera de 1\u201d de di\u00e1metro\u00a0 con\u00a0 200 kg\/cm2 de presi\u00f3n admisible.<\/li>\n<\/ul>\n<div id=\"attachment_459\" style=\"width: 510px\" class=\"wp-caption alignleft\"><img aria-describedby=\"caption-attachment-459\" loading=\"lazy\" class=\"wp-image-459\" src=\"http:\/\/morassohermanos.com.ar\/wp-content\/uploads\/Equipo_-lavado2-1024x869.jpg\" alt=\"Equipo_ lavado2\" width=\"500\" height=\"424\" srcset=\"https:\/\/morassohermanos.com.ar\/wp-content\/uploads\/Equipo_-lavado2-1024x869.jpg 1024w, https:\/\/morassohermanos.com.ar\/wp-content\/uploads\/Equipo_-lavado2-300x255.jpg 300w, https:\/\/morassohermanos.com.ar\/wp-content\/uploads\/Equipo_-lavado2.jpg 1926w\" sizes=\"(max-width: 500px) 100vw, 500px\" \/><p id=\"caption-attachment-459\" class=\"wp-caption-text\">Detalle bomba<\/p><\/div>\n<div id=\"attachment_460\" style=\"width: 510px\" class=\"wp-caption alignnone\"><a href=\"http:\/\/morassohermanos.com.ar\/wp-content\/uploads\/Imagen-Equipo-de-Lavado4.jpg\"><img aria-describedby=\"caption-attachment-460\" loading=\"lazy\" class=\"wp-image-460 size-full\" src=\"http:\/\/morassohermanos.com.ar\/wp-content\/uploads\/Imagen-Equipo-de-Lavado4.jpg\" alt=\"Imagen-Equipo-de-Lavado4\" width=\"500\" height=\"499\" srcset=\"https:\/\/morassohermanos.com.ar\/wp-content\/uploads\/Imagen-Equipo-de-Lavado4.jpg 500w, https:\/\/morassohermanos.com.ar\/wp-content\/uploads\/Imagen-Equipo-de-Lavado4-150x150.jpg 150w, https:\/\/morassohermanos.com.ar\/wp-content\/uploads\/Imagen-Equipo-de-Lavado4-300x300.jpg 300w\" sizes=\"(max-width: 500px) 100vw, 500px\" \/><\/a><p id=\"caption-attachment-460\" class=\"wp-caption-text\">Operando sobre cami\u00f3n.<\/p><\/div>\n<p>&nbsp;<\/p>\n<p>&nbsp;<\/p>\n<p>&nbsp;<\/p>\n","protected":false},"excerpt":{"rendered":"<p>Equipo de limpieza por chorro de agua bidestilada para l\u00edneas el\u00e9ctricas de alta tensi\u00f3n. Para la limpieza peri\u00f3dica de aisladores y subestaciones afectados por contaminaci\u00f3n o poluci\u00f3n. MEL-1000 Apto para lavado en instalaciones de hasta 500 kV, tanto de aisladores de l\u00edneas como de subestaciones. Montado sobre bastidor, acoplado o cami\u00f3n, con capacidad para 2.500 [&hellip;]<\/p>\n","protected":false},"author":6,"featured_media":0,"parent":12,"menu_order":0,"comment_status":"open","ping_status":"open","template":"","meta":{"_monsterinsights_skip_tracking":false,"_monsterinsights_sitenote_active":false,"_monsterinsights_sitenote_note":"","_monsterinsights_sitenote_category":0},"_links":{"self":[{"href":"https:\/\/morassohermanos.com.ar\/index.php?rest_route=\/wp\/v2\/pages\/457"}],"collection":[{"href":"https:\/\/morassohermanos.com.ar\/index.php?rest_route=\/wp\/v2\/pages"}],"about":[{"href":"https:\/\/morassohermanos.com.ar\/index.php?rest_route=\/wp\/v2\/types\/page"}],"author":[{"embeddable":true,"href":"https:\/\/morassohermanos.com.ar\/index.php?rest_route=\/wp\/v2\/users\/6"}],"replies":[{"embeddable":true,"href":"https:\/\/morassohermanos.com.ar\/index.php?rest_route=%2Fwp%2Fv2%2Fcomments&post=457"}],"version-history":[{"count":6,"href":"https:\/\/morassohermanos.com.ar\/index.php?rest_route=\/wp\/v2\/pages\/457\/revisions"}],"predecessor-version":[{"id":467,"href":"https:\/\/morassohermanos.com.ar\/index.php?rest_route=\/wp\/v2\/pages\/457\/revisions\/467"}],"up":[{"embeddable":true,"href":"https:\/\/morassohermanos.com.ar\/index.php?rest_route=\/wp\/v2\/pages\/12"}],"wp:attachment":[{"href":"https:\/\/morassohermanos.com.ar\/index.php?rest_route=%2Fwp%2Fv2%2Fmedia&parent=457"}],"curies":[{"name":"wp","href":"https:\/\/api.w.org\/{rel}","templated":true}]}}