{"id":6,"date":"2008-06-20T20:25:22","date_gmt":"2008-06-20T23:25:22","guid":{"rendered":"http:\/\/morassohermanos.com.ar\/?page_id=6"},"modified":"2015-03-03T18:00:30","modified_gmt":"2015-03-03T21:00:30","slug":"productos","status":"publish","type":"page","link":"https:\/\/morassohermanos.com.ar\/?page_id=6","title":{"rendered":"Fichas descargables de Productos"},"content":{"rendered":"<p><a href=\"http:\/\/www.morassohermanos.com.ar\/wp-content\/uploads\/fichasProductos\/MorassoCatalogoCompleto.doc\"><img loading=\"lazy\" class=\"alignnone\" style=\"border: 1px solid black;\" title=\"Cat\u00e1logo general\" src=\"http:\/\/morassohermanos.com.ar\/wp-content\/uploads\/2008\/06\/tapacatal.jpg\" alt=\"\" width=\"72\" height=\"101\" \/><\/a><\/p>\n<p><strong>Cat\u00e1logo de productos<\/strong> \/ Edici\u00f3n 2006 \/ <a href=\"http:\/\/www.morassohermanos.com.ar\/wp-content\/uploads\/fichasProductos\/MorassoCatalogoCompleto.doc\" target=\"_blank\">Descargar<\/a><\/p>\n<p style=\"text-align: left;\">&#8212;&#8212;&#8212;&#8212;&#8212;&#8212;&#8212;&#8212;&#8212;&#8212;&#8212;&#8212;&#8212;<\/p>\n<p><a href=\"http:\/\/www.morassohermanos.com.ar\/wp-content\/uploads\/fichasProductos\/YCAislaSMorasso.pdf\"><img loading=\"lazy\" class=\"alignnone\" title=\"Yugos Cadenas Simples\" src=\"http:\/\/www.morassohermanos.com.ar\/wp-content\/uploads\/fichasmini\/YCAislaDMorasso.jpg\" alt=\"\" width=\"73\" height=\"100\" \/><\/a><\/p>\n<p><strong>Yugos y camastros para l\u00edneas de 66, 132 y 220 Kv<\/strong> \/ Cadenas de Aisladores simples \/ <a href=\"http:\/\/www.morassohermanos.com.ar\/wp-content\/uploads\/fichasProductos\/YCAislaSMorasso.pdf\" target=\"_blank\">Descargar<\/a><\/p>\n<p style=\"text-align: left;\">&#8212;&#8212;&#8212;&#8212;&#8212;&#8212;&#8212;&#8212;&#8212;&#8212;&#8212;&#8212;&#8212;<\/p>\n<p><a href=\"http:\/\/morassohermanos.com.ar\/wp-content\/uploads\/fichasProductos\/YCAislaDMorasso.pdf\"><img loading=\"lazy\" class=\"alignnone size-medium wp-image-34\" title=\"Yugos Cadenas Dobles\" src=\"http:\/\/www.morassohermanos.com.ar\/wp-content\/uploads\/fichasmini\/YCAislaDMorasso.jpg\" alt=\"\" width=\"73\" height=\"100\" \/><\/a><\/p>\n<p><strong>Yugos y camastros para l\u00edneas de 66, 132 y 220 Kv<\/strong> \/ Cadenas de Aisladores dobles \/\u00a0 <a href=\"http:\/\/www.morassohermanos.com.ar\/wp-content\/uploads\/fichasProductos\/YCAislaDMorasso.pdf\" target=\"_blank\">Descargar<\/a><\/p>\n<p style=\"text-align: left;\">&#8212;&#8212;&#8212;&#8212;&#8212;&#8212;&#8212;&#8212;&#8212;&#8212;&#8212;&#8212;&#8212;<\/p>\n<p><a href=\"http:\/\/www.morassohermanos.com.ar\/wp-content\/uploads\/fichasProductos\/YugAux1Morasso.pdf\"><img loading=\"lazy\" class=\"alignnone\" title=\"Yugos Auxiliares 1\" src=\"http:\/\/morassohermanos.com.ar\/wp-content\/uploads\/fichasmini\/YugAux1Morasso.jpg\" alt=\"\" width=\"73\" height=\"100\" \/><\/a><\/p>\n<p><strong>Yugos auxiliares<\/strong> \/ (1 de 2)\u00a0 \/ <a href=\"http:\/\/www.morassohermanos.com.ar\/wp-content\/uploads\/fichasProductos\/YugAux1Morasso.pdf\" target=\"_blank\">Descargar<\/a><\/p>\n<p style=\"text-align: left;\">&#8212;&#8212;&#8212;&#8212;&#8212;&#8212;&#8212;&#8212;&#8212;&#8212;&#8212;&#8212;&#8212;<\/p>\n<p><a href=\"http:\/\/www.morassohermanos.com.ar\/wp-content\/uploads\/fichasProductos\/YugAux2Morasso.pdf\"><img loading=\"lazy\" class=\"alignnone\" title=\"Yugos Auxiliares 2\" src=\"http:\/\/morassohermanos.com.ar\/wp-content\/uploads\/fichasmini\/YugAux2Morasso.jpg\" alt=\"\" width=\"73\" height=\"100\" \/><\/a><\/p>\n<p><strong>Yugos auxiliares<\/strong> \/ (2 de 2) \/ <a href=\"http:\/\/www.morassohermanos.com.ar\/wp-content\/uploads\/fichasProductos\/YugAux2Morasso.pdf\" target=\"_blank\">Descargar<\/a><\/p>\n<p style=\"text-align: left;\">&#8212;&#8212;&#8212;&#8212;&#8212;&#8212;&#8212;&#8212;&#8212;&#8212;&#8212;&#8212;&#8212;<\/p>\n<p><a href=\"http:\/\/www.morassohermanos.com.ar\/wp-content\/uploads\/fichasProductos\/EqRecamSimultaneoMorasso.pdf\"><img loading=\"lazy\" class=\"alignnone\" title=\"Equipos para recambio simult\u00e1neo\" src=\"http:\/\/morassohermanos.com.ar\/wp-content\/uploads\/fichasmini\/EqRecamSimultaneoMorasso.jpg\" alt=\"\" width=\"73\" height=\"100\" \/><\/a><\/p>\n<p><strong>Equipo para recambio simult\u00e1neo<\/strong> \/ en l\u00edneas con cadena doble \/ <a href=\"http:\/\/www.morassohermanos.com.ar\/wp-content\/uploads\/fichasProductos\/EqRecamSimultaneoMorasso.pdf\" target=\"_blank\">Descargar<\/a><\/p>\n<p style=\"text-align: left;\">&#8212;&#8212;&#8212;&#8212;&#8212;&#8212;&#8212;&#8212;&#8212;&#8212;&#8212;&#8212;&#8212;<\/p>\n<p><a href=\"http:\/\/www.morassohermanos.com.ar\/wp-content\/uploads\/fichasProductos\/HerrTensorasyEnmorsetMorasso.pdf\"><img loading=\"lazy\" class=\"alignnone\" title=\"Herramientas tensoras\" src=\"http:\/\/morassohermanos.com.ar\/wp-content\/uploads\/fichasmini\/HerrTensorasyEnmorsetMorasso.jpg\" alt=\"\" width=\"73\" height=\"100\" \/><\/a><\/p>\n<p><strong>Herramientas Tensoras<\/strong> y dispositivos para enmorsetado \/ <a href=\"http:\/\/www.morassohermanos.com.ar\/wp-content\/uploads\/fichasProductos\/HerrTensorasyEnmorsetMorasso.pdf \" target=\"_blank\">Descargar<\/a><\/p>\n<p style=\"text-align: left;\">&#8212;&#8212;&#8212;&#8212;&#8212;&#8212;&#8212;&#8212;&#8212;&#8212;&#8212;&#8212;&#8212;<\/p>\n<p><a href=\"http:\/\/www.morassohermanos.com.ar\/wp-content\/uploads\/fichasProductos\/CamSilleMorset1Morasso.pdf\"><img loading=\"lazy\" class=\"alignnone\" title=\"Camastros, silletas, morsetos-1\" src=\"http:\/\/morassohermanos.com.ar\/wp-content\/uploads\/fichasmini\/CamSilleMorset1Morasso.jpg\" alt=\"\" width=\"73\" height=\"100\" \/><\/a><\/p>\n<p><strong>Camastros &#8211; Silletas &#8211; Morsetos<\/strong> \/ (1 de 2) \/ <a href=\"http:\/\/www.morassohermanos.com.ar\/wp-content\/uploads\/fichasProductos\/CamSilleMorset1Morassoo.pdf\" target=\"_blank\">Descargar<\/a><\/p>\n<p style=\"text-align: left;\">&#8212;&#8212;&#8212;&#8212;&#8212;&#8212;&#8212;&#8212;&#8212;&#8212;&#8212;&#8212;&#8212;<\/p>\n<p><a href=\"http:\/\/www.morassohermanos.com.ar\/wp-content\/uploads\/fichasProductos\/CamSilleMorset2Morasso.pdf\"><img loading=\"lazy\" class=\"alignnone\" title=\"Camastros, silletas, morsetos-2\" src=\"http:\/\/morassohermanos.com.ar\/wp-content\/uploads\/fichasmini\/CamSilleMorset2Morasso.jpg\" alt=\"\" width=\"73\" height=\"100\" \/><\/a><\/p>\n<p><strong>Camastros &#8211; Silletas &#8211; Morsetos<\/strong> \/ (2 de 2) \/ <a href=\"http:\/\/www.morassohermanos.com.ar\/wp-content\/uploads\/fichasProductos\/CamSilleMorset2Morasso.pdf\" target=\"_blank\">Descargar<\/a><\/p>\n<p style=\"text-align: left;\">&#8212;&#8212;&#8212;&#8212;&#8212;&#8212;&#8212;&#8212;&#8212;&#8212;&#8212;&#8212;&#8212;<\/p>\n<p><a href=\"http:\/\/www.morassohermanos.com.ar\/wp-content\/uploads\/fichasProductos\/Carritos1Morasso.pdf\"><img loading=\"lazy\" class=\"alignnone\" title=\"Carritos y plataformas 1\" src=\"http:\/\/morassohermanos.com.ar\/wp-content\/uploads\/fichasmini\/Carritos1Morasso.jpg\" alt=\"\" width=\"73\" height=\"100\" \/><\/a><\/p>\n<p><strong>Carritos y plataformas para fases de conductores m\u00faltiples<\/strong> \/ (1 de 2) \/ <a href=\"http:\/\/www.morassohermanos.com.ar\/wp-content\/uploads\/fichasProductos\/Carritos1Morasso.pdf\" target=\"_blank\">Descargar<\/a><\/p>\n<p style=\"text-align: left;\">&#8212;&#8212;&#8212;&#8212;&#8212;&#8212;&#8212;&#8212;&#8212;&#8212;&#8212;&#8212;&#8212;<\/p>\n<p><a href=\"http:\/\/www.morassohermanos.com.ar\/wp-content\/uploads\/fichasProductos\/Carritos2Morasso.pdf\"><img loading=\"lazy\" class=\"alignnone\" title=\"Carritos y plataformas 2\" src=\"http:\/\/morassohermanos.com.ar\/wp-content\/uploads\/fichasmini\/Carritos2Morasso.jpg\" alt=\"\" width=\"73\" height=\"100\" \/><\/a><\/p>\n<p><strong>Carritos y plataformas para fases de conductores m\u00faltiples<\/strong> \/ (2 de 2) \/ <a href=\"http:\/\/www.morassohermanos.com.ar\/wp-content\/uploads\/fichasProductos\/Carritos2Morasso.pdf\" target=\"_blank\">Descargar<\/a><\/p>\n<p style=\"text-align: left;\">&#8212;&#8212;&#8212;&#8212;&#8212;&#8212;&#8212;&#8212;&#8212;&#8212;&#8212;&#8212;&#8212;<\/p>\n<p><a href=\"http:\/\/www.morassohermanos.com.ar\/wp-content\/uploads\/fichasProductos\/MaqyEquiposMorasso.pdf\"><img loading=\"lazy\" class=\"alignnone\" title=\"M\u00e1quinas y equipos\" src=\"http:\/\/morassohermanos.com.ar\/wp-content\/uploads\/fichasmini\/MaqyEquiposMorasso.jpg\" alt=\"\" width=\"73\" height=\"100\" \/><\/a><\/p>\n<p><strong>M\u00e1quinas y equipos <\/strong><a href=\"http:\/\/www.morassohermanos.com.ar\/wp-content\/uploads\/fichasProductos\/MaqyEquiposMorasso.pdf\" target=\"_blank\">Descargar<\/a><\/p>\n<p style=\"text-align: left;\">&#8212;&#8212;&#8212;&#8212;&#8212;&#8212;&#8212;&#8212;&#8212;&#8212;&#8212;&#8212;&#8212;<\/p>\n<p><a href=\"http:\/\/www.morassohermanos.com.ar\/wp-content\/uploads\/fichasProductos\/PastecasyRoldanasMorasso.pdf\"><img loading=\"lazy\" class=\"alignnone\" title=\"Pastecas y roldanas\" src=\"http:\/\/morassohermanos.com.ar\/wp-content\/uploads\/fichasmini\/PastecasyRoldanasMorasso.jpg\" alt=\"\" width=\"73\" height=\"100\" \/><\/a><\/p>\n<p><strong>Pastecas y roldanas <\/strong><a href=\"http:\/\/www.morassohermanos.com.ar\/wp-content\/uploads\/fichasProductos\/PastecasyRoldanasMorasso.pdf\" target=\"_blank\">Descargar<\/a><\/p>\n<p style=\"text-align: left;\">&#8212;&#8212;&#8212;&#8212;&#8212;&#8212;&#8212;&#8212;&#8212;&#8212;&#8212;&#8212;&#8212;<\/p>\n<p><a href=\"http:\/\/www.morassohermanos.com.ar\/wp-content\/uploads\/fichasProductos\/AccyHerrUnivMorasso.pdf\"><img loading=\"lazy\" class=\"alignnone\" title=\"Accesorios y herramientas universales\" src=\"http:\/\/morassohermanos.com.ar\/wp-content\/uploads\/fichasmini\/AccyHerrUnivMorasso.jpg\" alt=\"\" width=\"73\" height=\"100\" \/><\/a><\/p>\n<p><strong>Accesorios y herramientas universales <\/strong><a href=\"http:\/\/www.morassohermanos.com.ar\/wp-content\/uploads\/fichasProductos\/AccyHerrUnivMorasso.pdf\" target=\"_blank\">Descargar<\/a><\/p>\n<p style=\"text-align: left;\">&#8212;&#8212;&#8212;&#8212;&#8212;&#8212;&#8212;&#8212;&#8212;&#8212;&#8212;&#8212;&#8212;<\/p>\n<p><a href=\"http:\/\/www.morassohermanos.com.ar\/wp-content\/uploads\/fichasProductos\/AccPertTensorasMorasso.pdf\"><img loading=\"lazy\" class=\"alignnone\" title=\"Accesorios p\u00e9rtigas tensoras\" src=\"http:\/\/morassohermanos.com.ar\/wp-content\/uploads\/fichasmini\/AccPertTensorasMorasso.jpg\" alt=\"\" width=\"73\" height=\"100\" \/><\/a><\/p>\n<p><strong>Accesorios para p\u00e9rtigas tensoras <\/strong><a href=\"http:\/\/www.morassohermanos.com.ar\/wp-content\/uploads\/fichasProductos\/AccPertTensorasMorasso.pdf\" target=\"_blank\">Descargar<\/a><\/p>\n<p style=\"text-align: left;\">&#8212;&#8212;&#8212;&#8212;&#8212;&#8212;&#8212;&#8212;&#8212;&#8212;&#8212;&#8212;&#8212;<\/p>\n<p><a href=\"&lt;br &gt;&lt;\/a&gt; http:\/\/www.morassohermanos.com.ar\/wp-content\/uploads\/fichasProductos\/RanasMorasso.pdf\"><img loading=\"lazy\" class=\"alignnone\" title=\"Morsas autoajustables (Ranas)\" src=\"http:\/\/morassohermanos.com.ar\/wp-content\/uploads\/fichasmini\/cRanasMorasso.jpg\" alt=\"\" width=\"73\" height=\"100\" \/><\/a><\/p>\n<p><strong>Morsas autoajustables (Ranas) <\/strong><a href=\"http:\/\/www.morassohermanos.com.ar\/wp-content\/uploads\/fichasProductos\/RanasMorasso.pdf\" target=\"_blank\">Descargar<\/a><\/p>\n<p style=\"text-align: left;\">&#8212;&#8212;&#8212;&#8212;&#8212;&#8212;&#8212;&#8212;&#8212;&#8212;&#8212;&#8212;&#8212;<\/p>\n<p><a href=\"http:\/\/www.morassohermanos.com.ar\/wp-content\/uploads\/fichasProductos\/MorsetosPaT1.pdf\"><img loading=\"lazy\" class=\"alignnone\" title=\"Morsetos puesta a tierra-1\" src=\"http:\/\/morassohermanos.com.ar\/wp-content\/uploads\/fichasmini\/MorsetosPaT1.jpg\" alt=\"\" width=\"73\" height=\"100\" \/><\/a><\/p>\n<p><strong>Morsetos para puesta a tierra <\/strong> \/ (1 de 2) \/ <a href=\"http:\/\/www.morassohermanos.com.ar\/wp-content\/uploads\/fichasProductos\/MorsetosPaT1.pdf\" target=\"_blank\">Descargar<\/a><\/p>\n<p style=\"text-align: left;\">&#8212;&#8212;&#8212;&#8212;&#8212;&#8212;&#8212;&#8212;&#8212;&#8212;&#8212;&#8212;&#8212;<\/p>\n<p><a href=\"http:\/\/www.morassohermanos.com.ar\/wp-content\/uploads\/fichasProductos\/MorsetosPaT2.pdf\"><img loading=\"lazy\" class=\"alignnone\" title=\"Morsetos puesta a tierra-2\" src=\"http:\/\/morassohermanos.com.ar\/wp-content\/uploads\/fichasmini\/MorsetosPaT2.jpg\" alt=\"\" width=\"73\" height=\"100\" \/><\/a><\/p>\n<p><strong>Morsetos para puesta a tierra <\/strong> \/ (2 de 2) \/ <a href=\"http:\/\/www.morassohermanos.com.ar\/wp-content\/uploads\/fichasProductos\/MorsetosPaT2.pdf\" target=\"_blank\">Descargar<\/a><\/p>\n<p style=\"text-align: left;\">&#8212;&#8212;&#8212;&#8212;&#8212;&#8212;&#8212;&#8212;&#8212;&#8212;&#8212;&#8212;&#8212;<\/p>\n<p><a href=\"http:\/\/www.morassohermanos.com.ar\/wp-content\/uploads\/fichasProductos\/ElementosLineasMorasso.pdf\"><img loading=\"lazy\" class=\"alignnone\" title=\"Elementos para l\u00edneas\" src=\"http:\/\/morassohermanos.com.ar\/wp-content\/uploads\/fichasmini\/ElementosLineasMorasso.jpg\" alt=\"\" width=\"73\" height=\"100\" \/><\/a><\/p>\n<p><strong>Elementos para l\u00edneas <\/strong><a href=\"http:\/\/www.morassohermanos.com.ar\/wp-content\/uploads\/fichasProductos\/ElementosLineasMorasso.pdf\" target=\"_blank\">Descargar<\/a><\/p>\n<p style=\"text-align: left;\">&#8212;&#8212;&#8212;&#8212;&#8212;&#8212;&#8212;&#8212;&#8212;&#8212;&#8212;&#8212;&#8212;<\/p>\n<p><a href=\"http:\/\/morassohermanos.com.ar\/wp-content\/uploads\/thumb_Trailer_Morasso.jpg\"><img loading=\"lazy\" class=\"alignnone  wp-image-435\" src=\"http:\/\/morassohermanos.com.ar\/wp-content\/uploads\/thumb_Trailer_Morasso.jpg\" alt=\"thumb_Trailer_Morasso\" width=\"80\" height=\"100\" \/><\/a><\/p>\n<p><strong>Trailer &#8211; Carro portaherramientas <\/strong><a href=\"http:\/\/www.morassohermanos.com.ar\/wp-content\/uploads\/fichasProductos\/ficha_Trailer_Morasso.pdf\" target=\"_blank\">Descargar<\/a><\/p>\n<p style=\"text-align: left;\">&#8212;&#8212;&#8212;&#8212;&#8212;&#8212;&#8212;&#8212;&#8212;&#8212;&#8212;&#8212;&#8212;<\/p>\n<p><strong><a href=\"http:\/\/morassohermanos.com.ar\/wp-content\/uploads\/thumb_lavadora.jpg\"><img loading=\"lazy\" class=\"alignnone size-full wp-image-453\" src=\"http:\/\/morassohermanos.com.ar\/wp-content\/uploads\/thumb_lavadora.jpg\" alt=\"thumb_lavadora\" width=\"80\" height=\"114\" \/><\/a><\/strong><\/p>\n<p><strong>Lavadora &#8211;\u00a0Equipo de limpieza por chorro de agua bidestilada<br \/>\npara l\u00edneas el\u00e9ctricas de alta tensi\u00f3n <\/strong><a href=\"http:\/\/www.morassohermanos.com.ar\/wp-content\/uploads\/fichasProductos\/ficha_Lavadora_Morasso.pdf\" target=\"_blank\">Descargar<\/a><\/p>\n<p style=\"text-align: left;\">&#8212;&#8212;&#8212;&#8212;&#8212;&#8212;&#8212;&#8212;&#8212;&#8212;&#8212;&#8212;&#8212;<\/p>\n","protected":false},"excerpt":{"rendered":"<p>Cat\u00e1logo de productos \/ Edici\u00f3n 2006 \/ Descargar &#8212;&#8212;&#8212;&#8212;&#8212;&#8212;&#8212;&#8212;&#8212;&#8212;&#8212;&#8212;&#8212; Yugos y camastros para l\u00edneas de 66, 132 y 220 Kv \/ Cadenas de Aisladores simples \/ Descargar &#8212;&#8212;&#8212;&#8212;&#8212;&#8212;&#8212;&#8212;&#8212;&#8212;&#8212;&#8212;&#8212; Yugos y camastros para l\u00edneas de 66, 132 y 220 Kv \/ Cadenas de Aisladores dobles \/\u00a0 Descargar &#8212;&#8212;&#8212;&#8212;&#8212;&#8212;&#8212;&#8212;&#8212;&#8212;&#8212;&#8212;&#8212; Yugos auxiliares \/ (1 de 2)\u00a0 \/ Descargar [&hellip;]<\/p>\n","protected":false},"author":1,"featured_media":0,"parent":0,"menu_order":0,"comment_status":"closed","ping_status":"open","template":"","meta":{"_monsterinsights_skip_tracking":false,"_monsterinsights_sitenote_active":false,"_monsterinsights_sitenote_note":"","_monsterinsights_sitenote_category":0},"_links":{"self":[{"href":"https:\/\/morassohermanos.com.ar\/index.php?rest_route=\/wp\/v2\/pages\/6"}],"collection":[{"href":"https:\/\/morassohermanos.com.ar\/index.php?rest_route=\/wp\/v2\/pages"}],"about":[{"href":"https:\/\/morassohermanos.com.ar\/index.php?rest_route=\/wp\/v2\/types\/page"}],"author":[{"embeddable":true,"href":"https:\/\/morassohermanos.com.ar\/index.php?rest_route=\/wp\/v2\/users\/1"}],"replies":[{"embeddable":true,"href":"https:\/\/morassohermanos.com.ar\/index.php?rest_route=%2Fwp%2Fv2%2Fcomments&post=6"}],"version-history":[{"count":17,"href":"https:\/\/morassohermanos.com.ar\/index.php?rest_route=\/wp\/v2\/pages\/6\/revisions"}],"predecessor-version":[{"id":455,"href":"https:\/\/morassohermanos.com.ar\/index.php?rest_route=\/wp\/v2\/pages\/6\/revisions\/455"}],"wp:attachment":[{"href":"https:\/\/morassohermanos.com.ar\/index.php?rest_route=%2Fwp%2Fv2%2Fmedia&parent=6"}],"curies":[{"name":"wp","href":"https:\/\/api.w.org\/{rel}","templated":true}]}}