{"id":8,"date":"2008-06-22T14:26:15","date_gmt":"2008-06-22T17:26:15","guid":{"rendered":"http:\/\/morassohermanos.com.ar\/?page_id=8"},"modified":"2008-07-31T19:07:43","modified_gmt":"2008-07-31T22:07:43","slug":"documentacion","status":"publish","type":"page","link":"https:\/\/morassohermanos.com.ar\/?page_id=8","title":{"rendered":"Documentaci\u00f3n"},"content":{"rendered":"<p>Ver en l\u00ednea <strong><a title=\"Reglamento TCT\" href=\"http:\/\/infoleg.mecon.gov.ar\/infolegInternet\/anexos\/95000-99999\/96327\/norma.htm\" target=\"_blank\">Reglamento para la Ejecuci\u00f3n de Trabajos con Tensi\u00f3n<\/a><\/strong>.<br \/>\n<span style=\"color: #333399;\">Superintendencia de Riesgos del Trabajo. <strong>Resoluci\u00f3n 592\/2004 <\/strong>\u00f3 <\/span><a href=\"http:\/\/www.morassohermanos.com.ar\/wp-content\/uploads\/documentos\/Res592-2004.pdf\" target=\"_blank\">Descargar con formato .pdf<\/a><\/p>\n","protected":false},"excerpt":{"rendered":"<p>Ver en l\u00ednea Reglamento para la Ejecuci\u00f3n de Trabajos con Tensi\u00f3n. Superintendencia de Riesgos del Trabajo. Resoluci\u00f3n 592\/2004 \u00f3 Descargar con formato .pdf<\/p>\n","protected":false},"author":1,"featured_media":0,"parent":0,"menu_order":0,"comment_status":"closed","ping_status":"open","template":"","meta":{"_monsterinsights_skip_tracking":false,"_monsterinsights_sitenote_active":false,"_monsterinsights_sitenote_note":"","_monsterinsights_sitenote_category":0},"_links":{"self":[{"href":"https:\/\/morassohermanos.com.ar\/index.php?rest_route=\/wp\/v2\/pages\/8"}],"collection":[{"href":"https:\/\/morassohermanos.com.ar\/index.php?rest_route=\/wp\/v2\/pages"}],"about":[{"href":"https:\/\/morassohermanos.com.ar\/index.php?rest_route=\/wp\/v2\/types\/page"}],"author":[{"embeddable":true,"href":"https:\/\/morassohermanos.com.ar\/index.php?rest_route=\/wp\/v2\/users\/1"}],"replies":[{"embeddable":true,"href":"https:\/\/morassohermanos.com.ar\/index.php?rest_route=%2Fwp%2Fv2%2Fcomments&post=8"}],"version-history":[{"count":7,"href":"https:\/\/morassohermanos.com.ar\/index.php?rest_route=\/wp\/v2\/pages\/8\/revisions"}],"predecessor-version":[{"id":151,"href":"https:\/\/morassohermanos.com.ar\/index.php?rest_route=\/wp\/v2\/pages\/8\/revisions\/151"}],"wp:attachment":[{"href":"https:\/\/morassohermanos.com.ar\/index.php?rest_route=%2Fwp%2Fv2%2Fmedia&parent=8"}],"curies":[{"name":"wp","href":"https:\/\/api.w.org\/{rel}","templated":true}]}}