{"id":9,"date":"2008-06-22T14:50:23","date_gmt":"2008-06-22T17:50:23","guid":{"rendered":"http:\/\/morassohermanos.com.ar\/?page_id=9"},"modified":"2008-06-22T14:50:23","modified_gmt":"2008-06-22T17:50:23","slug":"politica-de-calidad","status":"publish","type":"page","link":"https:\/\/morassohermanos.com.ar\/?page_id=9","title":{"rendered":"Pol\u00edtica de Calidad"},"content":{"rendered":"<p><a href=\"http:\/\/morassohermanos.com.ar\/wp-content\/uploads\/2008\/06\/logomorasso1.jpg\"><img loading=\"lazy\" class=\"alignnone size-medium wp-image-10\" title=\"logomorasso1\" src=\"http:\/\/morassohermanos.com.ar\/wp-content\/uploads\/2008\/06\/logomorasso1.jpg\" alt=\"\" width=\"236\" height=\"71\" \/><\/a><\/p>\n<p>Morasso Hnos. asume el compromiso con la calidad de sus productos, dise\u00f1ados, desarrollados y fabricados para su utilizaci\u00f3n en el mercado el\u00e9ctrico, estableciendo como elementos rectores los siguientes principios:<\/p>\n<p>Desarrollar, implementar, mantener y mejorar continuamente el Sistema de Gesti\u00f3n de la Calidad de acuerdo a las Normas Internacionales ISO 9000:2000.<\/p>\n<p>Identificar, comprender y buscar permanentemente, la satisfacci\u00f3n de las expectativas de los Clientes, respecto a los productos y a los servicios brindados.<\/p>\n<p>Mantener actualizado el nivel de conocimiento de la organizaci\u00f3n, la adecuaci\u00f3n de las instalaciones y el equipamiento, para desarrollar soluciones t\u00e9cnicas apropiadas para cada necesidad detectada.<\/p>\n<p>Entrenar y capacitar al personal para mejorar su desempe\u00f1o, actitudes y competencias, propcurando que todos puedan contribuir a la mejora continua del sistema.<\/p>\n<p>La direcci\u00f3n considera esta pol\u00edtica como parte integral de sus negocios y se encarga de su actualizaci\u00f3n, difusi\u00f3n, comprensi\u00f3n y cumplimiento.<\/p>\n","protected":false},"excerpt":{"rendered":"<p>Morasso Hnos. asume el compromiso con la calidad de sus productos, dise\u00f1ados, desarrollados y fabricados para su utilizaci\u00f3n en el mercado el\u00e9ctrico, estableciendo como elementos rectores los siguientes principios: Desarrollar, implementar, mantener y mejorar continuamente el Sistema de Gesti\u00f3n de la Calidad de acuerdo a las Normas Internacionales ISO 9000:2000. Identificar, comprender y buscar permanentemente, [&hellip;]<\/p>\n","protected":false},"author":1,"featured_media":0,"parent":0,"menu_order":0,"comment_status":"open","ping_status":"open","template":"","meta":{"_monsterinsights_skip_tracking":false,"_monsterinsights_sitenote_active":false,"_monsterinsights_sitenote_note":"","_monsterinsights_sitenote_category":0},"_links":{"self":[{"href":"https:\/\/morassohermanos.com.ar\/index.php?rest_route=\/wp\/v2\/pages\/9"}],"collection":[{"href":"https:\/\/morassohermanos.com.ar\/index.php?rest_route=\/wp\/v2\/pages"}],"about":[{"href":"https:\/\/morassohermanos.com.ar\/index.php?rest_route=\/wp\/v2\/types\/page"}],"author":[{"embeddable":true,"href":"https:\/\/morassohermanos.com.ar\/index.php?rest_route=\/wp\/v2\/users\/1"}],"replies":[{"embeddable":true,"href":"https:\/\/morassohermanos.com.ar\/index.php?rest_route=%2Fwp%2Fv2%2Fcomments&post=9"}],"version-history":[{"count":0,"href":"https:\/\/morassohermanos.com.ar\/index.php?rest_route=\/wp\/v2\/pages\/9\/revisions"}],"wp:attachment":[{"href":"https:\/\/morassohermanos.com.ar\/index.php?rest_route=%2Fwp%2Fv2%2Fmedia&parent=9"}],"curies":[{"name":"wp","href":"https:\/\/api.w.org\/{rel}","templated":true}]}}